{"id":1236,"date":"2026-04-01T09:15:54","date_gmt":"2026-04-01T09:15:54","guid":{"rendered":"https:\/\/naturalhoney.es\/avisos-legais\/"},"modified":"2026-04-01T10:28:47","modified_gmt":"2026-04-01T10:28:47","slug":"avisos-legais","status":"publish","type":"page","link":"https:\/\/naturalhoney.es\/pt-pt\/avisos-legais\/","title":{"rendered":"avisos legais"},"content":{"rendered":"<div class=\"align-center mb-big mb-md-large\">\n<h1 class=\"heading-2 mb-medium mb-md-big\">Pol\u00edtica de Privacidade e Prote\u00e7\u00e3o de Dados<\/h1>\n<\/div>\n<article id=\"post-33\" class=\"post-33 page type-page status-publish hentry\"><strong>POL\u00cdTICA DE PRIVACIDADE<\/strong>\u00daltima atualiza\u00e7\u00e3o: mar\u00e7o de 2021<\/p>\n<p>De acordo com as obriga\u00e7\u00f5es decorrentes da legisla\u00e7\u00e3o nacional (D.Lgs. 30 de junho de 2003, n.\u00ba 196 do C\u00f3digo Italiano de Prote\u00e7\u00e3o de Dados Pessoais) e europeia (Regulamento Geral sobre a Prote\u00e7\u00e3o de Dados (RGPD) 2016\/679) e as altera\u00e7\u00f5es posteriores, este s\u00edtio Web respeita e protege a privacidade dos utilizadores e visitantes, implementando medidas proporcionais para n\u00e3o violar os direitos do utilizador. Esta pol\u00edtica \u00e9 v\u00e1lida exclusivamente para a atividade online deste s\u00edtio Web e para os seus visitantes \/ utilizadores. N\u00e3o \u00e9 v\u00e1lida para informa\u00e7\u00f5es recolhidas atrav\u00e9s de canais diferentes deste s\u00edtio Web. O objetivo desta pol\u00edtica de privacidade \u00e9 oferecer uma transpar\u00eancia total sobre as informa\u00e7\u00f5es recolhidas pelo s\u00edtio Web e a forma como s\u00e3o utilizadas.   <\/p>\n<p><strong><em>Respons\u00e1vel pelo tratamento<\/em><\/strong><\/p>\n<p>O respons\u00e1vel pelo tratamento dos dados pessoais \u00e9 a <strong>Sodalis S.r.l.<\/strong>, com sede em Mil\u00e3o (It\u00e1lia), Via Solferino, n.\u00ba 7, C\u00f3digo Postal 20121, P.IVA 04927660961, telefone 00351 210 310 170, e-mail: <a href=\"mailto:privacypolicy@sodalisgroup.com\">privacypolicy@sodalisgroup.com<\/a><\/p>\n<p><strong><em>Base legal para o tratamento<\/em><\/strong><\/p>\n<p>Ao utilizarem ou consultarem este s\u00edtio Web, os utilizadores e visitantes aprovam explicitamente esta pol\u00edtica e consentem no processamento dos seus dados pessoais em rela\u00e7\u00e3o aos modos e finalidades que ser\u00e3o descritos mais adiante.<\/p>\n<p>Al\u00e9m disso, o utilizador pode solicitar informa\u00e7\u00f5es sobre determinados produtos ou promo\u00e7\u00f5es, bem como candidatar-se a um posto de trabalho.<\/p>\n<p>Os dados dos utilizadores poder\u00e3o ser tratados para o cumprimento de obriga\u00e7\u00f5es legais.<\/p>\n<p>O respons\u00e1vel pelo tratamento ficar\u00e1 exonerado de qualquer responsabilidade pelas consequ\u00eancias que derivem de informa\u00e7\u00f5es inexatas ou erradas facultadas pelo utilizador.<\/p>\n<p><strong><em>Exerc\u00edcio de direitos<\/em><\/strong><\/p>\n<p>O utilizador poder\u00e1 exercer em qualquer momento, nos termos estabelecidos na legisla\u00e7\u00e3o vigente, os direitos de acesso, retifica\u00e7\u00e3o ou apagamento de dados, o direito de solicitar a limita\u00e7\u00e3o do tratamento, o direito de se opor ao mesmo, o direito de solicitar a portabilidade dos seus dados, bem como o direito de revogar o consentimento prestado.<\/p>\n<p>O exerc\u00edcio destes direitos pode ser efetuado pelo pr\u00f3prio utilizador contactando o respons\u00e1vel pelo tratamento: <strong>Sodalis S.r.l.<\/strong>, com sede em Mil\u00e3o (It\u00e1lia), Via Solferino, n.\u00ba 7, C\u00f3digo Postal 20121, P.IVA 04927660961, telefone 00351 210 310 170, e-mail: <a href=\"mailto:privacypolicy@sodalisgroup.com\">privacypolicy@sodalisgroup.com<\/a><\/p>\n<p><strong><em>Finalidade e dados recolhidos<\/em><\/strong><\/p>\n<p>As informa\u00e7\u00f5es recolhidas que podem vir a ser obtidas da navega\u00e7\u00e3o dos utilizadores, desde que os pr\u00f3prios as facultem e solicitem o contacto com o respons\u00e1vel pelo tratamento, podem ser:<\/p>\n<p><u>Informa\u00e7\u00f5es de identifica\u00e7\u00e3o<\/u>: nome, apelidos, data de nascimento, nacionalidade, documenta\u00e7\u00e3o de identifica\u00e7\u00e3o (como, por exemplo, passaporte), domic\u00edlio, forma\u00e7\u00e3o acad\u00e9mica, experi\u00eancia profissional, imagem pr\u00f3pria.<\/p>\n<ul>\n<li><u>Outras informa\u00e7\u00f5es de contacto<\/u>: endere\u00e7o de correio eletr\u00f3nico e telefone.<\/li>\n<\/ul>\n<p>As informa\u00e7\u00f5es recebidas ser\u00e3o utilizadas exclusivamente para as incluir na agenda de contactos, gerir a presta\u00e7\u00e3o do servi\u00e7o solicitada e utilizar estas informa\u00e7\u00f5es como meio de comunica\u00e7\u00e3o apenas durante o tempo necess\u00e1rio para a distribui\u00e7\u00e3o do servi\u00e7o. Em qualquer caso, os dados recolhidos pelo s\u00edtio Web nunca ser\u00e3o fornecidos a terceiros por motivo algum, a menos que se trate de um pedido leg\u00edtimo das autoridades legais e noutros casos previstos na lei. <\/p>\n<p>Do mesmo modo, podem ser utilizados cookies e tecnologias semelhantes, cujo uso est\u00e1 sujeito ao consentimento dos utilizadores em conformidade com a pol\u00edtica de cookies que se segue.<\/p>\n<p><strong><em>Comunica\u00e7\u00e3o de dados<\/em><\/strong><\/p>\n<p>De uma forma geral, n\u00e3o comunicaremos os teus dados pessoais a terceiros, com a exce\u00e7\u00e3o de que a presta\u00e7\u00e3o de um servi\u00e7o implique a necessidade de estabelecer uma rela\u00e7\u00e3o contratual com um subprocessador e tal seja estritamente necess\u00e1rio para manter a rela\u00e7\u00e3o da empresa com o utilizador.<\/p>\n<p>Isto ser\u00e1 feito apenas durante o tempo imprescind\u00edvel para possibilitar o cumprimento da presta\u00e7\u00e3o do servi\u00e7o, e nas mesmas condi\u00e7\u00f5es e com as mesmas responsabilidades que s\u00e3o exigidas ao respons\u00e1vel. Uma vez finalizada a tarefa, o subprocessador devolver\u00e1 ao respons\u00e1vel os dados pessoais e eliminar\u00e1 qualquer c\u00f3pia de que disponha. <\/p>\n<p>Como exce\u00e7\u00e3o, poder\u00e3o ser utilizados cookies de empresas terceiras, em conformidade com a <a href=\"https:\/\/naturalhoney.es\/es\/proteccion-de-datos\/\">Pol\u00edtica de Cookies<\/a>.<\/p>\n<p>Tamb\u00e9m poderemos partilhar as tuas informa\u00e7\u00f5es com terceiros, incluindo as autoridades p\u00fablicas e judiciais, quando considerarmos que faz\u00ea-lo \u00e9 apropriado para:<\/p>\n<ul>\n<li>O cumprimento da nossa pol\u00edtica de privacidade;<\/li>\n<li>Proteger os nossos bens, servi\u00e7os e direitos legais;<\/li>\n<li>Impedir um dano f\u00edsico \u00e0s pessoas ou aos bens, perdas financeiras, incidentes de seguran\u00e7a, ou em rela\u00e7\u00e3o a uma investiga\u00e7\u00e3o ou atividade ilegal;<\/li>\n<li>Impedir a fraude contra a Sodalis e outros;<\/li>\n<li>Apoiar as fun\u00e7\u00f5es de auditoria, cumprimento normativo e governo corporativo;<\/li>\n<li>Cumprir os requisitos, ordens judiciais ou cita\u00e7\u00f5es legais semelhantes emitidas por for\u00e7as de seguran\u00e7a, administra\u00e7\u00f5es p\u00fablicas e autoridades judiciais; e<\/li>\n<li>Em cumprimento da legisla\u00e7\u00e3o aplic\u00e1vel.<\/li>\n<\/ul>\n<p><strong><em>Liga\u00e7\u00f5es para outros s\u00edtios Web<\/em><\/strong><\/p>\n<p><em>O nosso s\u00edtio Web pode conter liga\u00e7\u00f5es para outros s\u00edtios geridos por terceiros. Recomendamos que revejas as pol\u00edticas ou avisos de privacidade dos s\u00edtios de terceiros que visitares. <\/em><\/p>\n<p><em>N\u00e3o somos respons\u00e1veis pelo conte\u00fado de nenhum s\u00edtio Web de terceiros, pelas suas condi\u00e7\u00f5es de utiliza\u00e7\u00e3o, nem pelas suas pol\u00edticas de privacidade.<\/em><\/p>\n<p><strong><em>Privacidade de menores de idade<\/em><\/strong><\/p>\n<p>O conte\u00fado do nosso s\u00edtio Web \u00e9 de audi\u00eancia geral, embora n\u00e3o seja dirigido a crian\u00e7as menores de idade. Se tivermos conhecimento de que qualquer informa\u00e7\u00e3o que tenhamos recebido foi facultada por um menor de idade, procederemos \u00e0 elimina\u00e7\u00e3o autom\u00e1tica dessa informa\u00e7\u00e3o. <\/p>\n<p><strong><em>Atualiza\u00e7\u00f5es<\/em><\/strong><\/p>\n<p>\u00c9 recomend\u00e1vel que leias esta Pol\u00edtica de Privacidade periodicamente, dado que reservamos o direito de a modificar devido a altera\u00e7\u00f5es nos servi\u00e7os ou por modifica\u00e7\u00f5es legislativas.<\/p>\n<p><strong>POL\u00cdTICA DE PROTE\u00c7\u00c3O DE DADOS<\/strong><\/p>\n<p>Nos termos e para os efeitos do art. 13.\u00ba do Regulamento da UE 2016\/679 (doravante &#8220;RGPD&#8221;) relativo \u00e0 prote\u00e7\u00e3o das pessoas no que diz respeito ao tratamento de dados pessoais.<\/p>\n<p><strong> <\/strong><\/p>\n<p><strong>A empresa Brandcare EST 2014 SLU<\/strong>, com sede na Calle Juli\u00e1n Camarillo 47 D107, 28037 Madrid, CIF: B86867611 (doravante \u201cDetentor\u201d), como <em>Respons\u00e1vel pelo Tratamento,<\/em> informa que os dados pessoais recolhidos referentes \u00e0 rela\u00e7\u00e3o estabelecida s\u00e3o processados de acordo com a Lei acima mencionada.<\/p>\n<p>Em rela\u00e7\u00e3o aos tratamentos citados, \u00e9 fornecida a seguinte informa\u00e7\u00e3o:<\/p>\n<table width=\"647\">\n<tbody>\n<tr>\n<td width=\"647\"><strong> <\/strong><strong><u>RESPONS\u00c1VEL PELO TRATAMENTO<\/u><\/strong><\/p>\n<p><strong><u> <\/u><\/strong><\/p>\n<p><strong>Brandcare EST 2014 SLU<\/strong>, com sede na Calle Juli\u00e1n Camarillo 47 D107, 28037 Madrid, e-mail <a href=\"mailto:privacypolicy@sodalisgroup.com\">privacypolicy@sodalisgroup.com<\/a> \u2013 Tel. 0034 914 400 628<\/p>\n<p><strong><u>ENCARREGADO DE PROTE\u00c7\u00c3O DE DADOS<\/u><\/strong><\/p>\n<p><strong>Mr. Stefano Modena<\/strong>, como Data Protection Officer em nome da <strong>Brandcare EST 2014 SLU<\/strong> \u2013 e-mail <a href=\"mailto:stefano.modena@assiteca.it\">stefano.modena@assiteca.it<\/a> \u2013 Tel. 0034 914 400 628<\/p>\n<p><strong> <\/strong><\/td>\n<\/tr>\n<\/tbody>\n<\/table>\n<ol>\n<li><strong>Objeto de processamento<\/strong><\/li>\n<\/ol>\n<p>O Detentor trata os dados pessoais, em particular os dados relativos \u00e0 identifica\u00e7\u00e3o (nome, apelido, n\u00famero de identifica\u00e7\u00e3o fiscal, endere\u00e7o de correio eletr\u00f3nico, n\u00famero de telefone, doravante denominados \u201cdados pessoais\u201d ou \u201cdados\u201d) facultados na sequ\u00eancia de um pedido de informa\u00e7\u00e3o, sugest\u00e3o ou reclama\u00e7\u00e3o.<\/p>\n<ol>\n<li><strong>Finalidade do processamento<\/strong><\/li>\n<\/ol>\n<p>O tratamento dos dados pessoais destina-se exclusivamente a:<\/p>\n<ul>\n<li>gest\u00e3o, verifica\u00e7\u00e3o e aprofundamento de relat\u00f3rios, queixas e lit\u00edgios;<\/li>\n<li>dar resposta a qualquer pedido de informa\u00e7\u00e3o ou qualquer queixa relacionada com a qualidade dos produtos (defeitos e falhas), entre outros;<\/li>\n<li>dar resposta a qualquer pedido de informa\u00e7\u00e3o para implementar qualquer atividade inerente, ligada e \/ ou instrumental destinada a implementar perfis de supervis\u00e3o e \/ ou informa\u00e7\u00e3o e \/ ou qualidade.<\/li>\n<\/ul>\n<ol start=\"3\">\n<li><strong>Natureza dos dados<\/strong><\/li>\n<\/ol>\n<p>A obten\u00e7\u00e3o do teu consentimento para o tratamento de dados pessoais, de conformidade com o artigo 6.\u00ba\/1\/a) do RGPD, constitui um requisito necess\u00e1rio para a an\u00e1lise e a resposta ao teu pedido de informa\u00e7\u00e3o \/ reclama\u00e7\u00e3o.<\/p>\n<ol start=\"4\">\n<li><strong>Modalidades de processamento<\/strong><\/li>\n<\/ol>\n<p>O processamento dos teus dados pessoais \u00e9 realizado segundo as diretrizes indicadas no art. 4.\u00ba, n.\u00ba 2 do RGPD, mais precisamente: recolha e registo, organiza\u00e7\u00e3o, conserva\u00e7\u00e3o, consulta, cancelamento e destrui\u00e7\u00e3o de dados. O processamento dos teus dados basear-se-\u00e1 nos princ\u00edpios de legalidade, lealdade e transpar\u00eancia, e tamb\u00e9m pode ser realizado por meio de procedimentos automatizados concebidos para os armazenar, gerir e transmitir, e ser\u00e1 realizado por meio de ferramentas apropriadas, tendo em conta a raz\u00e3o e o estado da t\u00e9cnica, para garantir a seguran\u00e7a e a confidencialidade mediante o uso de procedimentos apropriados que evitem o risco de perda, acesso n\u00e3o autorizado, uso e dissemina\u00e7\u00e3o il\u00edcitos. Os teus dados pessoais est\u00e3o sujeitos a processamento em papel e eletr\u00f3nico.   <\/p>\n<ol start=\"5\">\n<li><strong>Per\u00edodo de reten\u00e7\u00e3o de dados<\/strong><\/li>\n<\/ol>\n<p>Os dados pessoais s\u00e3o mantidos pelo tempo necess\u00e1rio para a an\u00e1lise e a resposta ao teu pedido de informa\u00e7\u00e3o \/ reclama\u00e7\u00e3o, sem preju\u00edzo de serem conservados durante per\u00edodos mais longos, na medida estritamente necess\u00e1ria para o cumprimento de obriga\u00e7\u00f5es legais ou contratuais.<\/p>\n<p><strong> <\/strong><\/p>\n<ol>\n<li><strong>Acesso aos dados<\/strong><\/li>\n<\/ol>\n<p>Os dados pessoais processados pelo respons\u00e1vel pelo Tratamento n\u00e3o ser\u00e3o divulgados, ou n\u00e3o ser\u00e3o divulgados para assuntos indeterminados, de qualquer forma poss\u00edvel, incluindo a sua disponibilidade ou consulta simples. Em vez disso, podem ser comunicados aos colaboradores que trabalham para o respons\u00e1vel pelo Tratamento e a alguns colaboradores que trabalham com eles. Finalmente, podem ser comunicados \u00e0s pessoas com direito de acesso em virtude dos requisitos legais e regulamentares comunit\u00e1rios.  <\/p>\n<p>Em particular, com base nas fun\u00e7\u00f5es e tarefas executadas, alguns trabalhadores t\u00eam o direito de processar dados pessoais, dentro dos limites das suas compet\u00eancias e de acordo com as instru\u00e7\u00f5es do Propriet\u00e1rio. O acesso aos dados e \/ ou o pedido de portabilidade ser\u00e3o atendidos no prazo m\u00e1ximo de 30 dias, salvo impedimentos e \/ ou complexidade na execu\u00e7\u00e3o. Para a emiss\u00e3o de c\u00f3pias adicionais dos dados pessoais em processamento, ser\u00e1 cobrada uma taxa baseada nos custos administrativos incorridos.  <\/p>\n<ol>\n<li><strong>Destinat\u00e1rios dos dados <\/strong><\/li>\n<\/ol>\n<p>O respons\u00e1vel pelo Tratamento poder\u00e1 comunicar os teus dados para os prop\u00f3sitos indicados aos \u00d3rg\u00e3os de Supervis\u00e3o, Autoridades Judiciais, bem como a todos os outros assuntos para os quais a comunica\u00e7\u00e3o seja obrigat\u00f3ria por lei.<\/p>\n<p>Al\u00e9m disso, os teus dados podem ser transmitidos, por exemplo, \u00e0s seguintes categorias de destinat\u00e1rios:<\/p>\n<p>\u2013 empresas subsidi\u00e1rias ou afiliadas;<\/p>\n<p>\u2013 agentes ou figuras externas que colaboram com a empresa;<\/p>\n<p>\u2013 bancos e institui\u00e7\u00f5es de cr\u00e9dito;<\/p>\n<p>\u2013 prestadores de servi\u00e7os (fornecedores de sistemas de TI, fornecedores de servi\u00e7os de <em>cloud<\/em>, fornecedores de bases de dados e consultores, etc.).<\/p>\n<ol>\n<li><strong>Transfer\u00eancia de dados<\/strong><strong><br \/>\n<\/strong>A gest\u00e3o e o armazenamento dos dados pessoais ser\u00e3o efetuados em servidores localizados na Uni\u00e3o Europeia pertencentes ao Propriet\u00e1rio e \/ ou a empresas terceiras comissionadas e devidamente nomeadas como processadores de dados. Atualmente, os servidores encontram-se em It\u00e1lia. Os dados n\u00e3o ser\u00e3o transferidos para fora da Uni\u00e3o Europeia. Em qualquer caso, entende-se que o respons\u00e1vel pelo Tratamento de dados, quando necess\u00e1rio, ter\u00e1 o direito de alterar a localiza\u00e7\u00e3o do servidor para It\u00e1lia e \/ ou para a Uni\u00e3o Europeia e \/ ou pa\u00edses n\u00e3o pertencentes \u00e0 UE. Neste caso, o respons\u00e1vel pelo Tratamento de dados garante que a transfer\u00eancia de dados n\u00e3o pertencentes \u00e0 UE ocorrer\u00e1 de acordo com as disposi\u00e7\u00f5es legais aplic\u00e1veis.    <\/li>\n<\/ol>\n<ol>\n<li><strong>Direitos do interessado<\/strong><\/li>\n<\/ol>\n<p>Como parte interessada, \u00e9s titular dos direitos referidos no art. 15.\u00ba e seguintes do RGPD 2016\/679 e, como tal, tens precisamente o direito de: <\/p>\n<ol>\n<li>solicitar ao respons\u00e1vel pelo tratamento o acesso aos dados pessoais (artigo 15.\u00ba), ou seja, confirmar se o processamento dos teus dados pessoais est\u00e1 ou n\u00e3o em curso e, neste caso, ter acesso aos dados;<\/li>\n<li>exigir ao Respons\u00e1vel pelo tratamento uma retifica\u00e7\u00e3o (artigo 16.\u00ba), ou seja, obter a retifica\u00e7\u00e3o e \/ ou integra\u00e7\u00e3o dos dados pessoais incorretos que te digam respeito;<\/li>\n<li>solicitar ao respons\u00e1vel pelo tratamento dos dados que os elimine (artigo 17.\u00ba) ou obter o apagamento dos dados que te afetem sem demora injustificada;<\/li>\n<li>solicitar ao Respons\u00e1vel pelo tratamento que limite o processamento que te diz respeito (Artigo 18.\u00ba), ou seja, obter uma confirma\u00e7\u00e3o de que o processamento dos teus dados pessoais se limita ao que \u00e9 necess\u00e1rio para o prop\u00f3sito de armazenamento;<\/li>\n<li>ter a portabilidade de dados (artigo 20.\u00ba), ou seja, obter, num formato estruturado comum e leg\u00edvel, os teus dados pessoais;<\/li>\n<li>impugnar o seu processamento (artigo 21.\u00ba) ou, em qualquer momento, opor-te, por qualquer motivo relacionado com a tua situa\u00e7\u00e3o particular, ao processamento dos teus dados;<\/li>\n<li>direito de n\u00e3o te submeteres a uma decis\u00e3o baseada unicamente no processamento automatizado de dados sem o teu consentimento expl\u00edcito (artigo 22.\u00ba);<\/li>\n<li>cancelar (artigo 17.\u00ba), ou seja, o direito de obter, nos casos previstos pelo Regulamento, o apagamento dos teus dados pessoais;<\/li>\n<li>apresentar uma queixa \u00e0 Autoridade de Supervis\u00e3o (artigo 77.\u00ba), ou seja, o direito de interpor um recurso perante a Autoridade se considerares que o tratamento que te diz respeito infringe o Regulamento.<\/li>\n<\/ol>\n<ol start=\"10\">\n<li><strong>Viola\u00e7\u00e3o de dados e notifica\u00e7\u00e3o \u00e0 Autoridade de Prote\u00e7\u00e3o de Dados e \/ ou comunica\u00e7\u00e3o da viola\u00e7\u00e3o \u00e0 parte interessada<\/strong><\/li>\n<\/ol>\n<p>Em caso de viola\u00e7\u00e3o de dados pessoais, entendida como uma viola\u00e7\u00e3o da seguran\u00e7a que implique acidentalmente ou de forma ilegal a destrui\u00e7\u00e3o, perda, modifica\u00e7\u00e3o, divulga\u00e7\u00e3o n\u00e3o autorizada ou acesso a dados pessoais transmitidos, armazenados ou processados de outro modo, se o risco para os direitos e liberdades das pessoas for considerado prov\u00e1vel ou elevado, o respons\u00e1vel pelo Tratamento de Dados notificar\u00e1 a Autoridade de Prote\u00e7\u00e3o de Dados sem demora e, em qualquer caso, num prazo m\u00e1ximo de 72 horas, descrevendo a natureza da infra\u00e7\u00e3o de dados, o n\u00famero de pessoas afetadas e as categorias de dados em causa. Tamb\u00e9m ser\u00e1 indicado o nome e o endere\u00e7o do DPO. <\/p>\n<p><strong> <\/strong><\/p>\n<p><strong>Procedimento para o exerc\u00edcio de qualquer direito:<\/strong><\/p>\n<ul>\n<li>Podes exercer, em qualquer momento, os direitos acima, enviando:<\/li>\n<\/ul>\n<p>uma carta registada para: <strong>Brandcare EST 2014 SLU<\/strong>, Calle Juli\u00e1n Camarillo 47 D107, 28037 Madrid e-mail: <a href=\"mailto:privacypolicy@sodalisgroup.com\">privacypolicy@sodalisgroup.com<\/a><\/p>\n<\/article>\n","protected":false},"excerpt":{"rendered":"<p>Pol\u00edtica de Privacidade e Prote\u00e7\u00e3o de Dados POL\u00cdTICA DE PRIVACIDADE\u00daltima atualiza\u00e7\u00e3o: mar\u00e7o de 2021 De acordo com as obriga\u00e7\u00f5es decorrentes da legisla\u00e7\u00e3o nacional (D.Lgs. 30 de junho de 2003, n.\u00ba 196 do C\u00f3digo Italiano de Prote\u00e7\u00e3o de Dados Pessoais) e europeia (Regulamento Geral sobre a Prote\u00e7\u00e3o de Dados (RGPD) 2016\/679) e as altera\u00e7\u00f5es posteriores, este&hellip;<\/p>\n","protected":false},"author":2,"featured_media":0,"parent":0,"menu_order":0,"comment_status":"closed","ping_status":"closed","template":"","meta":{"footnotes":""},"class_list":["post-1236","page","type-page","status-publish","hentry","description-off"],"yoast_head":"<!-- This site is optimized with the Yoast SEO plugin v27.3 - https:\/\/yoast.com\/product\/yoast-seo-wordpress\/ -->\n<title>avisos legais - Natural Honey<\/title>\n<meta name=\"robots\" content=\"index, follow, max-snippet:-1, max-image-preview:large, max-video-preview:-1\" \/>\n<link rel=\"canonical\" href=\"https:\/\/naturalhoney.es\/pt-pt\/avisos-legais\/\" \/>\n<meta property=\"og:locale\" content=\"pt_PT\" \/>\n<meta property=\"og:type\" content=\"article\" \/>\n<meta property=\"og:title\" content=\"avisos legais - Natural Honey\" \/>\n<meta property=\"og:description\" content=\"Pol\u00edtica de Privacidade e Prote\u00e7\u00e3o de Dados POL\u00cdTICA DE PRIVACIDADE\u00daltima atualiza\u00e7\u00e3o: mar\u00e7o de 2021 De acordo com as obriga\u00e7\u00f5es decorrentes da legisla\u00e7\u00e3o nacional (D.Lgs. 30 de junho de 2003, n.\u00ba 196 do C\u00f3digo Italiano de Prote\u00e7\u00e3o de Dados Pessoais) e europeia (Regulamento Geral sobre a Prote\u00e7\u00e3o de Dados (RGPD) 2016\/679) e as altera\u00e7\u00f5es posteriores, este&hellip;\" \/>\n<meta property=\"og:url\" content=\"https:\/\/naturalhoney.es\/pt-pt\/avisos-legais\/\" \/>\n<meta property=\"og:site_name\" content=\"Natural Honey\" \/>\n<meta property=\"article:modified_time\" content=\"2026-04-01T10:28:47+00:00\" \/>\n<meta name=\"twitter:card\" content=\"summary_large_image\" \/>\n<meta name=\"twitter:label1\" content=\"Tempo estimado de leitura\" \/>\n\t<meta name=\"twitter:data1\" content=\"12 minutos\" \/>\n<script type=\"application\/ld+json\" class=\"yoast-schema-graph\">{\"@context\":\"https:\\\/\\\/schema.org\",\"@graph\":[{\"@type\":\"WebPage\",\"@id\":\"https:\\\/\\\/naturalhoney.es\\\/pt-pt\\\/avisos-legais\\\/\",\"url\":\"https:\\\/\\\/naturalhoney.es\\\/pt-pt\\\/avisos-legais\\\/\",\"name\":\"avisos legais - Natural Honey\",\"isPartOf\":{\"@id\":\"https:\\\/\\\/naturalhoney.es\\\/#website\"},\"datePublished\":\"2026-04-01T09:15:54+00:00\",\"dateModified\":\"2026-04-01T10:28:47+00:00\",\"breadcrumb\":{\"@id\":\"https:\\\/\\\/naturalhoney.es\\\/pt-pt\\\/avisos-legais\\\/#breadcrumb\"},\"inLanguage\":\"pt-PT\",\"potentialAction\":[{\"@type\":\"ReadAction\",\"target\":[\"https:\\\/\\\/naturalhoney.es\\\/pt-pt\\\/avisos-legais\\\/\"]}]},{\"@type\":\"BreadcrumbList\",\"@id\":\"https:\\\/\\\/naturalhoney.es\\\/pt-pt\\\/avisos-legais\\\/#breadcrumb\",\"itemListElement\":[{\"@type\":\"ListItem\",\"position\":1,\"name\":\"Portada\",\"item\":\"https:\\\/\\\/naturalhoney.es\\\/pt-pt\\\/\"},{\"@type\":\"ListItem\",\"position\":2,\"name\":\"avisos legais\"}]},{\"@type\":\"WebSite\",\"@id\":\"https:\\\/\\\/naturalhoney.es\\\/#website\",\"url\":\"https:\\\/\\\/naturalhoney.es\\\/\",\"name\":\"Natural Honey\",\"description\":\"Just another WordPress site\",\"potentialAction\":[{\"@type\":\"SearchAction\",\"target\":{\"@type\":\"EntryPoint\",\"urlTemplate\":\"https:\\\/\\\/naturalhoney.es\\\/?s={search_term_string}\"},\"query-input\":{\"@type\":\"PropertyValueSpecification\",\"valueRequired\":true,\"valueName\":\"search_term_string\"}}],\"inLanguage\":\"pt-PT\"}]}<\/script>\n<!-- \/ Yoast SEO plugin. -->","yoast_head_json":{"title":"avisos legais - Natural Honey","robots":{"index":"index","follow":"follow","max-snippet":"max-snippet:-1","max-image-preview":"max-image-preview:large","max-video-preview":"max-video-preview:-1"},"canonical":"https:\/\/naturalhoney.es\/pt-pt\/avisos-legais\/","og_locale":"pt_PT","og_type":"article","og_title":"avisos legais - Natural Honey","og_description":"Pol\u00edtica de Privacidade e Prote\u00e7\u00e3o de Dados POL\u00cdTICA DE PRIVACIDADE\u00daltima atualiza\u00e7\u00e3o: mar\u00e7o de 2021 De acordo com as obriga\u00e7\u00f5es decorrentes da legisla\u00e7\u00e3o nacional (D.Lgs. 30 de junho de 2003, n.\u00ba 196 do C\u00f3digo Italiano de Prote\u00e7\u00e3o de Dados Pessoais) e europeia (Regulamento Geral sobre a Prote\u00e7\u00e3o de Dados (RGPD) 2016\/679) e as altera\u00e7\u00f5es posteriores, este&hellip;","og_url":"https:\/\/naturalhoney.es\/pt-pt\/avisos-legais\/","og_site_name":"Natural Honey","article_modified_time":"2026-04-01T10:28:47+00:00","twitter_card":"summary_large_image","twitter_misc":{"Tempo estimado de leitura":"12 minutos"},"schema":{"@context":"https:\/\/schema.org","@graph":[{"@type":"WebPage","@id":"https:\/\/naturalhoney.es\/pt-pt\/avisos-legais\/","url":"https:\/\/naturalhoney.es\/pt-pt\/avisos-legais\/","name":"avisos legais - Natural Honey","isPartOf":{"@id":"https:\/\/naturalhoney.es\/#website"},"datePublished":"2026-04-01T09:15:54+00:00","dateModified":"2026-04-01T10:28:47+00:00","breadcrumb":{"@id":"https:\/\/naturalhoney.es\/pt-pt\/avisos-legais\/#breadcrumb"},"inLanguage":"pt-PT","potentialAction":[{"@type":"ReadAction","target":["https:\/\/naturalhoney.es\/pt-pt\/avisos-legais\/"]}]},{"@type":"BreadcrumbList","@id":"https:\/\/naturalhoney.es\/pt-pt\/avisos-legais\/#breadcrumb","itemListElement":[{"@type":"ListItem","position":1,"name":"Portada","item":"https:\/\/naturalhoney.es\/pt-pt\/"},{"@type":"ListItem","position":2,"name":"avisos legais"}]},{"@type":"WebSite","@id":"https:\/\/naturalhoney.es\/#website","url":"https:\/\/naturalhoney.es\/","name":"Natural Honey","description":"Just another WordPress site","potentialAction":[{"@type":"SearchAction","target":{"@type":"EntryPoint","urlTemplate":"https:\/\/naturalhoney.es\/?s={search_term_string}"},"query-input":{"@type":"PropertyValueSpecification","valueRequired":true,"valueName":"search_term_string"}}],"inLanguage":"pt-PT"}]}},"_links":{"self":[{"href":"https:\/\/naturalhoney.es\/pt-pt\/wp-json\/wp\/v2\/pages\/1236","targetHints":{"allow":["GET"]}}],"collection":[{"href":"https:\/\/naturalhoney.es\/pt-pt\/wp-json\/wp\/v2\/pages"}],"about":[{"href":"https:\/\/naturalhoney.es\/pt-pt\/wp-json\/wp\/v2\/types\/page"}],"author":[{"embeddable":true,"href":"https:\/\/naturalhoney.es\/pt-pt\/wp-json\/wp\/v2\/users\/2"}],"replies":[{"embeddable":true,"href":"https:\/\/naturalhoney.es\/pt-pt\/wp-json\/wp\/v2\/comments?post=1236"}],"version-history":[{"count":1,"href":"https:\/\/naturalhoney.es\/pt-pt\/wp-json\/wp\/v2\/pages\/1236\/revisions"}],"predecessor-version":[{"id":1422,"href":"https:\/\/naturalhoney.es\/pt-pt\/wp-json\/wp\/v2\/pages\/1236\/revisions\/1422"}],"wp:attachment":[{"href":"https:\/\/naturalhoney.es\/pt-pt\/wp-json\/wp\/v2\/media?parent=1236"}],"curies":[{"name":"wp","href":"https:\/\/api.w.org\/{rel}","templated":true}]}}