{"id":1230,"date":"2026-04-01T09:14:45","date_gmt":"2026-04-01T09:14:45","guid":{"rendered":"https:\/\/naturalhoney.es\/missao-visao\/"},"modified":"2026-04-01T09:14:46","modified_gmt":"2026-04-01T09:14:46","slug":"missao-visao","status":"publish","type":"page","link":"https:\/\/naturalhoney.es\/pt-pt\/missao-visao\/","title":{"rendered":"Miss\u00e3o\/Vis\u00e3o"},"content":{"rendered":"<div class=\"wpb-content-wrapper\"><p>[vc_row bg_type=&#8221;image&#8221; parallax_style=&#8221;vcpb-default&#8221; bg_image_new=&#8221;id^123|url^https:\/\/naturalhoney.es\/wp-content\/uploads\/2025\/11\/cabecera.png|caption^null|alt^null|title^cabecera|description^null&#8221; bg_image_repeat=&#8221;no-repeat&#8221; bg_override=&#8221;full&#8221; css=&#8221;.vc_custom_1770247002522{margin-top: -70px !important;padding-top: 6% !important;padding-bottom: 6% !important;}&#8221; el_id=&#8221;m\u00f3vel&#8221;][vc_column][vc_row_inner css=&#8221;.vc_custom_1770246904229{padding-top: 3% !important;}&#8221;][vc_column_inner][vc_empty_space height=&#8221;60px&#8221;]<div id=\"ultimate-heading-486869d7a87873160\" class=\"uvc-heading ult-adjust-bottom-margin ultimate-heading-486869d7a87873160 uvc-9813 \" data-hspacer=\"no_spacer\"  data-halign=\"left\" style=\"text-align:left\"><div class=\"uvc-heading-spacer no_spacer\" style=\"top\"><\/div><div class=\"uvc-sub-heading ult-responsive\"  data-ultimate-target='.uvc-heading.ultimate-heading-486869d7a87873160 .uvc-sub-heading '  data-responsive-json-new='{\"font-size\":\"desktop:85px;tablet_portrait:36px;mobile:30px;\",\"line-height\":\"desktop:55px;tablet_portrait:42px;mobile:40px;\"}'  style=\"font-weight:normal;color:#FFFFFF;\"><span style=\"font-family: gotham-book; color: #ffffff;\">Miss\u00e3o<\/span><\/div><\/div><div id=\"ultimate-heading-477469d7a878731ba\" class=\"uvc-heading ult-adjust-bottom-margin ultimate-heading-477469d7a878731ba uvc-5334 \" data-hspacer=\"no_spacer\"  data-halign=\"left\" style=\"text-align:left\"><div class=\"uvc-heading-spacer no_spacer\" style=\"top\"><\/div><div class=\"uvc-main-heading ult-responsive\"  data-ultimate-target='.uvc-heading.ultimate-heading-477469d7a878731ba h1'  data-responsive-json-new='{\"font-size\":\"desktop:150px;tablet_portrait:95px;mobile_landscape:65px;\",\"line-height\":\"desktop:160px;tablet_portrait:105px;mobile_landscape:75px;\"}' ><h1 style=\"--font-weight:theme;color:#FFFFFF;\">e vis\u00e3o<\/h1><\/div><\/div>[vc_empty_space height=&#8221;80px&#8221;][\/vc_column_inner][\/vc_row_inner][\/vc_column][\/vc_row][vc_row full_width=&#8221;stretch_row_content_no_spaces&#8221; css=&#8221;.vc_custom_1740156242833{margin-top: -36px !important;margin-bottom: -70px !important;}&#8221;][vc_column][vc_row_inner equal_height=&#8221;yes&#8221; content_placement=&#8221;middle&#8221; css=&#8221;.vc_custom_1674817879875{margin-top: 0px !important;margin-right: 0px !important;margin-bottom: 0px !important;margin-left: 0px !important;padding-top: 0px !important;padding-right: 0px !important;padding-bottom: 0px !important;padding-left: 0px !important;background-color: eaeaea !important;}&#8221;][vc_column_inner offset=&#8221;vc_col-lg-6 vc_col-md-6 vc_hidden-xs&#8221; css=&#8221;.vc_custom_1770246945476{padding-top: 150px !important;padding-right: 0px !important;padding-bottom: 150px !important;padding-left: 0px !important;background-image: url(https:\/\/naturalhoney.es\/wp-content\/uploads\/2025\/11\/Natural-Honey_170-scaled.jpg?id=125) !important;background-position: center !important;background-repeat: no-repeat !important;background-size: cover !important;}&#8221;][\/vc_column_inner][vc_column_inner css=&#8221;.vc_custom_1563439493038{margin-top: 0px !important;margin-right: 0px !important;margin-bottom: 0px !important;margin-left: 0px !important;border-top-width: 0px !important;border-right-width: 0px !important;border-bottom-width: 0px !important;border-left-width: 0px !important;padding-top: 50px !important;padding-right: 50px !important;padding-bottom: 50px !important;padding-left: 50px !important;}&#8221; offset=&#8221;vc_col-lg-6 vc_col-md-6&#8243;][vc_empty_space height=&#8221;64px&#8221;][vc_column_text css=&#8221;.vc_custom_1764800210761{padding-right: 10% !important;padding-left: 10% !important;}&#8221;]<\/p>\n<h2 style=\"text-align: left;\"><span style=\"color: #006500; font-family: gotham-light;\">A nossa miss\u00e3o<\/span><\/h2>\n<p>&nbsp;<\/p>\n<p><span style=\"font-size: 14pt;\">Na Natural Honey, acreditamos que cuidar de si n\u00e3o deve ser complicado. Como marca de cuidado pessoal natural, a nossa miss\u00e3o \u00e9 acompanh\u00e1-la(o) todos os dias com produtos que combinam ingredientes naturais e f\u00f3rmulas inovadoras para oferecer uma hidrata\u00e7\u00e3o <\/span><br \/>\n<span style=\"font-size: 14pt;\">profunda e real.<\/span><br \/>\n<span style=\"font-size: 14pt;\">Criamos solu\u00e7\u00f5es honestas, eficazes e pensadas para que o cuidado corporal di\u00e1rio seja um momento de conex\u00e3o consigo mesma(o).<\/span>[\/vc_column_text][vc_empty_space height=&#8221;64px&#8221;][\/vc_column_inner][\/vc_row_inner][vc_row_inner equal_height=&#8221;yes&#8221; content_placement=&#8221;middle&#8221; css=&#8221;.vc_custom_1709885093226{margin-top: 0px !important;margin-right: 0px !important;margin-bottom: 0px !important;margin-left: 0px !important;padding-top: 0px !important;padding-right: 0px !important;padding-bottom: 0px !important;padding-left: 0px !important;background-color: #eaeaea !important;}&#8221;][vc_column_inner el_class=&#8221;vc_col-sm-push-0 vc_col-md-push-6&#8243; css=&#8221;.vc_custom_1763562241552{padding-top: 150px !important;padding-right: 0px !important;padding-bottom: 150px !important;padding-left: 0px !important;background-image: url(https:\/\/naturalhoney.es\/wp-content\/uploads\/2025\/11\/Natural-Honey_268-scaled.jpg?id=126) !important;background-position: center !important;background-repeat: no-repeat !important;background-size: cover !important;}&#8221; offset=&#8221;vc_col-lg-6 vc_col-md-6&#8243;][\/vc_column_inner][vc_column_inner el_class=&#8221;vc_col-sm-pull-0 vc_col-md-pull-6&#8243; css=&#8221;.vc_custom_1563440916126{margin-top: 0px !important;margin-right: 0px !important;margin-bottom: 0px !important;margin-left: 0px !important;border-top-width: 0px !important;border-right-width: 0px !important;border-bottom-width: 0px !important;border-left-width: 0px !important;padding-top: 50px !important;padding-right: 50px !important;padding-bottom: 50px !important;padding-left: 50px !important;}&#8221; offset=&#8221;vc_col-lg-6 vc_col-md-6&#8243;][vc_empty_space height=&#8221;64px&#8221;][vc_column_text css=&#8221;.vc_custom_1764800271800{padding-right: 10% !important;padding-left: 10% !important;}&#8221;]<\/p>\n<h2 style=\"text-align: left;\"><span style=\"color: #006500; font-family: gotham-light;\">A nossa vis\u00e3o<\/span><\/h2>\n<p>&nbsp;<\/p>\n<p><span style=\"font-size: 14pt;\">Queremos que o cuidado pessoal seja vivido como um ato de bem-estar, n\u00e3o como uma obriga\u00e7\u00e3o. Por isso, a partir da nossa filosofia de beleza natural, procuramos inspirar uma forma de beleza mais aut\u00eantica, mais livre. <\/span><br \/>\n<span style=\"font-size: 14pt;\">O nosso compromisso com a pele impulsiona-nos a continuar a criar produtos que respeitam o seu ritmo, que se adaptam a si e que fazem do autocuidado di\u00e1rio um gesto simples, real e natural.<\/span>[\/vc_column_text][vc_empty_space height=&#8221;64px&#8221;][\/vc_column_inner][\/vc_row_inner][\/vc_column][\/vc_row]<\/p>\n<\/div>","protected":false},"excerpt":{"rendered":"<p>[vc_row bg_type=&#8221;image&#8221; parallax_style=&#8221;vcpb-default&#8221; bg_image_new=&#8221;id^123|url^https:\/\/naturalhoney.es\/wp-content\/uploads\/2025\/11\/cabecera.png|caption^null|alt^null|title^cabecera|description^null&#8221; bg_image_repeat=&#8221;no-repeat&#8221; bg_override=&#8221;full&#8221; css=&#8221;.vc_custom_1770247002522{margin-top: -70px !important;padding-top: 6% !important;padding-bottom: 6% !important;}&#8221; el_id=&#8221;m\u00f3vel&#8221;][vc_column][vc_row_inner css=&#8221;.vc_custom_1770246904229{padding-top: 3% !important;}&#8221;][vc_column_inner][vc_empty_space height=&#8221;60px&#8221;][vc_empty_space height=&#8221;80px&#8221;][\/vc_column_inner][\/vc_row_inner][\/vc_column][\/vc_row][vc_row full_width=&#8221;stretch_row_content_no_spaces&#8221; css=&#8221;.vc_custom_1740156242833{margin-top: -36px !important;margin-bottom: -70px !important;}&#8221;][vc_column][vc_row_inner equal_height=&#8221;yes&#8221; content_placement=&#8221;middle&#8221; css=&#8221;.vc_custom_1674817879875{margin-top: 0px !important;margin-right: 0px !important;margin-bottom: 0px !important;margin-left: 0px !important;padding-top: 0px !important;padding-right: 0px !important;padding-bottom: 0px !important;padding-left: 0px !important;background-color: eaeaea !important;}&#8221;][vc_column_inner offset=&#8221;vc_col-lg-6 vc_col-md-6 vc_hidden-xs&#8221; css=&#8221;.vc_custom_1770246945476{padding-top: 150px !important;padding-right: 0px !important;padding-bottom: 150px&hellip;<\/p>\n","protected":false},"author":1,"featured_media":0,"parent":0,"menu_order":0,"comment_status":"closed","ping_status":"open","template":"","meta":{"footnotes":""},"class_list":["post-1230","page","type-page","status-publish","hentry","description-off"],"yoast_head":"<!-- This site is optimized with the Yoast SEO plugin v27.3 - https:\/\/yoast.com\/product\/yoast-seo-wordpress\/ -->\n<title>Miss\u00e3o\/Vis\u00e3o - Natural Honey<\/title>\n<meta name=\"robots\" content=\"index, follow, max-snippet:-1, max-image-preview:large, max-video-preview:-1\" \/>\n<link rel=\"canonical\" href=\"https:\/\/naturalhoney.es\/missao-visao\/?lang=pt-pt\" \/>\n<meta property=\"og:locale\" content=\"pt_PT\" \/>\n<meta property=\"og:type\" content=\"article\" \/>\n<meta property=\"og:title\" content=\"Miss\u00e3o\/Vis\u00e3o - Natural Honey\" \/>\n<meta property=\"og:description\" content=\"[vc_row bg_type=&#8221;image&#8221; parallax_style=&#8221;vcpb-default&#8221; bg_image_new=&#8221;id^123|url^https:\/\/naturalhoney.es\/wp-content\/uploads\/2025\/11\/cabecera.png|caption^null|alt^null|title^cabecera|description^null&#8221; bg_image_repeat=&#8221;no-repeat&#8221; bg_override=&#8221;full&#8221; css=&#8221;.vc_custom_1770247002522{margin-top: -70px !important;padding-top: 6% !important;padding-bottom: 6% !important;}&#8221; el_id=&#8221;m\u00f3vel&#8221;][vc_column][vc_row_inner css=&#8221;.vc_custom_1770246904229{padding-top: 3% !important;}&#8221;][vc_column_inner][vc_empty_space height=&#8221;60px&#8221;][vc_empty_space height=&#8221;80px&#8221;][\/vc_column_inner][\/vc_row_inner][\/vc_column][\/vc_row][vc_row full_width=&#8221;stretch_row_content_no_spaces&#8221; css=&#8221;.vc_custom_1740156242833{margin-top: -36px !important;margin-bottom: -70px !important;}&#8221;][vc_column][vc_row_inner equal_height=&#8221;yes&#8221; content_placement=&#8221;middle&#8221; css=&#8221;.vc_custom_1674817879875{margin-top: 0px !important;margin-right: 0px !important;margin-bottom: 0px !important;margin-left: 0px !important;padding-top: 0px !important;padding-right: 0px !important;padding-bottom: 0px !important;padding-left: 0px !important;background-color: eaeaea !important;}&#8221;][vc_column_inner offset=&#8221;vc_col-lg-6 vc_col-md-6 vc_hidden-xs&#8221; css=&#8221;.vc_custom_1770246945476{padding-top: 150px !important;padding-right: 0px !important;padding-bottom: 150px&hellip;\" \/>\n<meta property=\"og:url\" content=\"https:\/\/naturalhoney.es\/missao-visao\/?lang=pt-pt\" \/>\n<meta property=\"og:site_name\" content=\"Natural Honey\" \/>\n<meta property=\"article:modified_time\" content=\"2026-04-01T09:14:46+00:00\" \/>\n<meta name=\"twitter:card\" content=\"summary_large_image\" \/>\n<meta name=\"twitter:label1\" content=\"Tempo estimado de leitura\" \/>\n\t<meta name=\"twitter:data1\" content=\"4 minutos\" \/>\n<script type=\"application\/ld+json\" class=\"yoast-schema-graph\">{\"@context\":\"https:\\\/\\\/schema.org\",\"@graph\":[{\"@type\":\"WebPage\",\"@id\":\"https:\\\/\\\/naturalhoney.es\\\/missao-visao\\\/?lang=pt-pt\",\"url\":\"https:\\\/\\\/naturalhoney.es\\\/missao-visao\\\/?lang=pt-pt\",\"name\":\"Miss\u00e3o\\\/Vis\u00e3o - Natural Honey\",\"isPartOf\":{\"@id\":\"https:\\\/\\\/naturalhoney.es\\\/#website\"},\"datePublished\":\"2026-04-01T09:14:45+00:00\",\"dateModified\":\"2026-04-01T09:14:46+00:00\",\"breadcrumb\":{\"@id\":\"https:\\\/\\\/naturalhoney.es\\\/missao-visao\\\/?lang=pt-pt#breadcrumb\"},\"inLanguage\":\"pt-PT\",\"potentialAction\":[{\"@type\":\"ReadAction\",\"target\":[\"https:\\\/\\\/naturalhoney.es\\\/missao-visao\\\/?lang=pt-pt\"]}]},{\"@type\":\"BreadcrumbList\",\"@id\":\"https:\\\/\\\/naturalhoney.es\\\/missao-visao\\\/?lang=pt-pt#breadcrumb\",\"itemListElement\":[{\"@type\":\"ListItem\",\"position\":1,\"name\":\"Portada\",\"item\":\"https:\\\/\\\/naturalhoney.es\\\/pt-pt\\\/\"},{\"@type\":\"ListItem\",\"position\":2,\"name\":\"Miss\u00e3o\\\/Vis\u00e3o\"}]},{\"@type\":\"WebSite\",\"@id\":\"https:\\\/\\\/naturalhoney.es\\\/#website\",\"url\":\"https:\\\/\\\/naturalhoney.es\\\/\",\"name\":\"Natural Honey\",\"description\":\"Just another WordPress site\",\"potentialAction\":[{\"@type\":\"SearchAction\",\"target\":{\"@type\":\"EntryPoint\",\"urlTemplate\":\"https:\\\/\\\/naturalhoney.es\\\/?s={search_term_string}\"},\"query-input\":{\"@type\":\"PropertyValueSpecification\",\"valueRequired\":true,\"valueName\":\"search_term_string\"}}],\"inLanguage\":\"pt-PT\"}]}<\/script>\n<!-- \/ Yoast SEO plugin. -->","yoast_head_json":{"title":"Miss\u00e3o\/Vis\u00e3o - Natural Honey","robots":{"index":"index","follow":"follow","max-snippet":"max-snippet:-1","max-image-preview":"max-image-preview:large","max-video-preview":"max-video-preview:-1"},"canonical":"https:\/\/naturalhoney.es\/missao-visao\/?lang=pt-pt","og_locale":"pt_PT","og_type":"article","og_title":"Miss\u00e3o\/Vis\u00e3o - Natural Honey","og_description":"[vc_row bg_type=&#8221;image&#8221; parallax_style=&#8221;vcpb-default&#8221; bg_image_new=&#8221;id^123|url^https:\/\/naturalhoney.es\/wp-content\/uploads\/2025\/11\/cabecera.png|caption^null|alt^null|title^cabecera|description^null&#8221; bg_image_repeat=&#8221;no-repeat&#8221; bg_override=&#8221;full&#8221; css=&#8221;.vc_custom_1770247002522{margin-top: -70px !important;padding-top: 6% !important;padding-bottom: 6% !important;}&#8221; el_id=&#8221;m\u00f3vel&#8221;][vc_column][vc_row_inner css=&#8221;.vc_custom_1770246904229{padding-top: 3% !important;}&#8221;][vc_column_inner][vc_empty_space height=&#8221;60px&#8221;][vc_empty_space height=&#8221;80px&#8221;][\/vc_column_inner][\/vc_row_inner][\/vc_column][\/vc_row][vc_row full_width=&#8221;stretch_row_content_no_spaces&#8221; css=&#8221;.vc_custom_1740156242833{margin-top: -36px !important;margin-bottom: -70px !important;}&#8221;][vc_column][vc_row_inner equal_height=&#8221;yes&#8221; content_placement=&#8221;middle&#8221; css=&#8221;.vc_custom_1674817879875{margin-top: 0px !important;margin-right: 0px !important;margin-bottom: 0px !important;margin-left: 0px !important;padding-top: 0px !important;padding-right: 0px !important;padding-bottom: 0px !important;padding-left: 0px !important;background-color: eaeaea !important;}&#8221;][vc_column_inner offset=&#8221;vc_col-lg-6 vc_col-md-6 vc_hidden-xs&#8221; css=&#8221;.vc_custom_1770246945476{padding-top: 150px !important;padding-right: 0px !important;padding-bottom: 150px&hellip;","og_url":"https:\/\/naturalhoney.es\/missao-visao\/?lang=pt-pt","og_site_name":"Natural Honey","article_modified_time":"2026-04-01T09:14:46+00:00","twitter_card":"summary_large_image","twitter_misc":{"Tempo estimado de leitura":"4 minutos"},"schema":{"@context":"https:\/\/schema.org","@graph":[{"@type":"WebPage","@id":"https:\/\/naturalhoney.es\/missao-visao\/?lang=pt-pt","url":"https:\/\/naturalhoney.es\/missao-visao\/?lang=pt-pt","name":"Miss\u00e3o\/Vis\u00e3o - Natural Honey","isPartOf":{"@id":"https:\/\/naturalhoney.es\/#website"},"datePublished":"2026-04-01T09:14:45+00:00","dateModified":"2026-04-01T09:14:46+00:00","breadcrumb":{"@id":"https:\/\/naturalhoney.es\/missao-visao\/?lang=pt-pt#breadcrumb"},"inLanguage":"pt-PT","potentialAction":[{"@type":"ReadAction","target":["https:\/\/naturalhoney.es\/missao-visao\/?lang=pt-pt"]}]},{"@type":"BreadcrumbList","@id":"https:\/\/naturalhoney.es\/missao-visao\/?lang=pt-pt#breadcrumb","itemListElement":[{"@type":"ListItem","position":1,"name":"Portada","item":"https:\/\/naturalhoney.es\/pt-pt\/"},{"@type":"ListItem","position":2,"name":"Miss\u00e3o\/Vis\u00e3o"}]},{"@type":"WebSite","@id":"https:\/\/naturalhoney.es\/#website","url":"https:\/\/naturalhoney.es\/","name":"Natural Honey","description":"Just another WordPress site","potentialAction":[{"@type":"SearchAction","target":{"@type":"EntryPoint","urlTemplate":"https:\/\/naturalhoney.es\/?s={search_term_string}"},"query-input":{"@type":"PropertyValueSpecification","valueRequired":true,"valueName":"search_term_string"}}],"inLanguage":"pt-PT"}]}},"_links":{"self":[{"href":"https:\/\/naturalhoney.es\/pt-pt\/wp-json\/wp\/v2\/pages\/1230","targetHints":{"allow":["GET"]}}],"collection":[{"href":"https:\/\/naturalhoney.es\/pt-pt\/wp-json\/wp\/v2\/pages"}],"about":[{"href":"https:\/\/naturalhoney.es\/pt-pt\/wp-json\/wp\/v2\/types\/page"}],"author":[{"embeddable":true,"href":"https:\/\/naturalhoney.es\/pt-pt\/wp-json\/wp\/v2\/users\/1"}],"replies":[{"embeddable":true,"href":"https:\/\/naturalhoney.es\/pt-pt\/wp-json\/wp\/v2\/comments?post=1230"}],"version-history":[{"count":2,"href":"https:\/\/naturalhoney.es\/pt-pt\/wp-json\/wp\/v2\/pages\/1230\/revisions"}],"predecessor-version":[{"id":1232,"href":"https:\/\/naturalhoney.es\/pt-pt\/wp-json\/wp\/v2\/pages\/1230\/revisions\/1232"}],"wp:attachment":[{"href":"https:\/\/naturalhoney.es\/pt-pt\/wp-json\/wp\/v2\/media?parent=1230"}],"curies":[{"name":"wp","href":"https:\/\/api.w.org\/{rel}","templated":true}]}}