{"id":1227,"date":"2026-04-01T09:14:38","date_gmt":"2026-04-01T09:14:38","guid":{"rendered":"https:\/\/naturalhoney.es\/conselhos\/"},"modified":"2026-04-01T09:14:38","modified_gmt":"2026-04-01T09:14:38","slug":"conselhos","status":"publish","type":"page","link":"https:\/\/naturalhoney.es\/pt-pt\/conselhos\/","title":{"rendered":"Conselhos"},"content":{"rendered":"<div class=\"wpb-content-wrapper\"><p>[vc_row bg_type=&#8221;image&#8221; parallax_style=&#8221;vcpb-default&#8221; bg_image_new=&#8221;id^17|url^https:\/\/naturalhoney.es\/wp-content\/uploads\/2025\/10\/Natural-Honey_118-scaled.jpg|caption^null|alt^null|title^Natural-Honey_118|description^null&#8221; bg_image_repeat=&#8221;no-repeat&#8221; bg_override=&#8221;full&#8221; css=&#8221;.vc_custom_1770246818236{margin-top: -70px !important;padding-top: 10% !important;padding-bottom: 10% !important;}&#8221;][vc_column width=&#8221;1\/2&#8243;][vc_row_inner css=&#8221;.vc_custom_1770246799940{padding-top: 3% !important;}&#8221;][vc_column_inner]<div id=\"ultimate-heading-690069d7ac60d5a03\" class=\"uvc-heading ult-adjust-bottom-margin ultimate-heading-690069d7ac60d5a03 uvc-7717 \" data-hspacer=\"no_spacer\"  data-halign=\"left\" style=\"text-align:left\"><div class=\"uvc-heading-spacer no_spacer\" style=\"top\"><\/div><div class=\"uvc-sub-heading ult-responsive\"  data-ultimate-target='.uvc-heading.ultimate-heading-690069d7ac60d5a03 .uvc-sub-heading '  data-responsive-json-new='{\"font-size\":\"desktop:110px;tablet_portrait:75px;mobile:50px;\",\"line-height\":\"desktop:110px;tablet_portrait:85px;mobile:55px;\"}'  style=\"font-family:&#039;Montserrat&#039;;font-weight:normal;color:#FFFFFF;\"><\/p>\n<h2><span style=\"color: #ffffff;\">Conselhos<br \/>de cuidado<\/span><\/h2>\n<p><\/div><\/div><div id=\"ultimate-heading-970669d7ac60d5a9b\" class=\"uvc-heading ult-adjust-bottom-margin ultimate-heading-970669d7ac60d5a9b uvc-6053 \" data-hspacer=\"no_spacer\"  data-halign=\"left\" style=\"text-align:left\"><div class=\"uvc-heading-spacer no_spacer\" style=\"top\"><\/div><div class=\"uvc-main-heading ult-responsive\"  data-ultimate-target='.uvc-heading.ultimate-heading-970669d7ac60d5a9b h1'  data-responsive-json-new='{\"font-size\":\"desktop:110px;tablet_portrait:75px;mobile_landscape:50px;\",\"line-height\":\"desktop:115px;tablet_portrait:80px;mobile_landscape:55px;\"}' ><h1 style=\"--font-weight:theme;color:#FFFFFF;margin-top:-30;\">pessoal<\/h1><\/div><\/div>[\/vc_column_inner][\/vc_row_inner][\/vc_column][vc_column width=&#8221;1\/2&#8243;][\/vc_column][\/vc_row][vc_row][vc_column][vc_column_text css=&#8221;&#8221;]<\/p>\n<h2 style=\"text-align: center;\"><span style=\"color: #006500; font-family: gotham-light;\">Descobre recomenda\u00e7\u00f5es e<\/span><br \/><span style=\"color: #006500; font-family: gotham-light;\">propostas para o cuidado da tua pele<\/span><br \/><span style=\"color: #006500; font-family: gotham-light;\">de forma natural<\/span><\/h2>\n<p>[\/vc_column_text][\/vc_column][\/vc_row][vc_row full_width=&#8221;stretch_row&#8221;][vc_column][vc_empty_space]<style type=\"text\/css\" data-type=\"the7_shortcodes-inline-css\">.blog-shortcode.blog-list-shortcode-id-1c961a339055fd709e8b6f370ff7930f.dividers-on.classic-layout-list article {\n  margin-top: 100px;\n  padding-top: 0;\n}\n.blog-shortcode.blog-list-shortcode-id-1c961a339055fd709e8b6f370ff7930f.dividers-on.classic-layout-list article:first-of-type {\n  margin-top: 0;\n  padding-top: 0;\n}\n.blog-shortcode.blog-list-shortcode-id-1c961a339055fd709e8b6f370ff7930f.classic-layout-list.mode-list .post-thumbnail-wrap {\n  width: 45%;\n}\n.blog-shortcode.blog-list-shortcode-id-1c961a339055fd709e8b6f370ff7930f.classic-layout-list.mode-list .post-entry-content {\n  width: calc(100% - 45%);\n}\n.blog-shortcode.blog-list-shortcode-id-1c961a339055fd709e8b6f370ff7930f.classic-layout-list.mode-list .no-img .post-entry-content {\n  width: 100%;\n}\n.blog-shortcode.blog-list-shortcode-id-1c961a339055fd709e8b6f370ff7930f .filter-bg-decoration .filter-categories a.act {\n  color: #fff;\n}\n.blog-shortcode.blog-list-shortcode-id-1c961a339055fd709e8b6f370ff7930f:not(.mode-masonry) article {\n  margin-top: 100px;\n}\n.blog-shortcode.blog-list-shortcode-id-1c961a339055fd709e8b6f370ff7930f:not(.mode-masonry) article:first-of-type,\n.blog-shortcode.blog-list-shortcode-id-1c961a339055fd709e8b6f370ff7930f:not(.mode-masonry) article.visible.first:not(.product) {\n  margin-top: 0;\n}\n.blog-shortcode.blog-list-shortcode-id-1c961a339055fd709e8b6f370ff7930f.dividers-on:not(.mode-masonry) article {\n  margin-top: 0;\n  padding-top: 100px;\n}\n.blog-shortcode.blog-list-shortcode-id-1c961a339055fd709e8b6f370ff7930f.dividers-on:not(.mode-masonry) article:first-of-type,\n.blog-shortcode.blog-list-shortcode-id-1c961a339055fd709e8b6f370ff7930f.dividers-on:not(.mode-masonry) article.visible.first:not(.product) {\n  margin-top: 0;\n  padding-top: 0;\n}\n.blog-shortcode.blog-list-shortcode-id-1c961a339055fd709e8b6f370ff7930f .post-thumbnail-wrap {\n  padding: 0px 0px 0px 0px;\n}\n.blog-shortcode.blog-list-shortcode-id-1c961a339055fd709e8b6f370ff7930f.enable-bg-rollover .post-thumbnail-rollover:after {\n  background: -webkit-linear-gradient();\n  background: linear-gradient();\n}\n.blog-shortcode.blog-list-shortcode-id-1c961a339055fd709e8b6f370ff7930f .gallery-zoom-ico {\n  width: 44px;\n  height: 44px;\n  line-height: 44px;\n  border-radius: 100px;\n  margin: -22px 0 0 -22px;\n  border-width: 0px;\n  color: #ffffff;\n}\n.bottom-overlap-layout-list.blog-shortcode.blog-list-shortcode-id-1c961a339055fd709e8b6f370ff7930f .gallery-zoom-ico {\n  margin-top: -22px;\n}\n.gradient-overlay-layout-list.blog-shortcode.blog-list-shortcode-id-1c961a339055fd709e8b6f370ff7930f .gallery-zoom-ico,\n.content-rollover-layout-list.blog-shortcode.blog-list-shortcode-id-1c961a339055fd709e8b6f370ff7930f .gallery-zoom-ico {\n  margin: 0 0 10px;\n}\n.content-align-center.gradient-overlay-layout-list.blog-shortcode.blog-list-shortcode-id-1c961a339055fd709e8b6f370ff7930f .gallery-zoom-ico,\n.content-align-center.content-rollover-layout-list.blog-shortcode.blog-list-shortcode-id-1c961a339055fd709e8b6f370ff7930f .gallery-zoom-ico {\n  margin: 0 auto 10px;\n}\n.dt-icon-bg-on.blog-shortcode.blog-list-shortcode-id-1c961a339055fd709e8b6f370ff7930f .gallery-zoom-ico {\n  background: rgba(255,255,255,0.3);\n  box-shadow: none;\n}\n.blog-shortcode.blog-list-shortcode-id-1c961a339055fd709e8b6f370ff7930f .gallery-zoom-ico > span,\n.blog-shortcode.blog-list-shortcode-id-1c961a339055fd709e8b6f370ff7930f .gallery-zoom-ico:before {\n  font-size: 32px;\n  line-height: 44px;\n}\n.blog-shortcode.blog-list-shortcode-id-1c961a339055fd709e8b6f370ff7930f .gallery-zoom-ico > span,\n.blog-shortcode.blog-list-shortcode-id-1c961a339055fd709e8b6f370ff7930f .gallery-zoom-ico:before {\n  color: #ffffff;\n}\n.blog-shortcode.blog-list-shortcode-id-1c961a339055fd709e8b6f370ff7930f .fancy-date a {\n  background: #ffffff;\n  box-shadow: none;\n}\n.blog-shortcode.blog-list-shortcode-id-1c961a339055fd709e8b6f370ff7930f .fancy-date a * {\n  color: #2d2d2d;\n}\n.blog-shortcode.blog-list-shortcode-id-1c961a339055fd709e8b6f370ff7930f .entry-title,\n.blog-shortcode.blog-list-shortcode-id-1c961a339055fd709e8b6f370ff7930f.owl-carousel .entry-title {\n  margin-bottom: 25px;\n  font-size: 55px;\n  line-height: 45px;\n  font-weight: bold;\n}\n.blog-shortcode.blog-list-shortcode-id-1c961a339055fd709e8b6f370ff7930f .entry-title a,\n.blog-shortcode.blog-list-shortcode-id-1c961a339055fd709e8b6f370ff7930f.owl-carousel .entry-title a {\n  color: #006500;\n}\n.blog-shortcode.blog-list-shortcode-id-1c961a339055fd709e8b6f370ff7930f .entry-meta {\n  margin-bottom: 15px;\n}\n.blog-shortcode.blog-list-shortcode-id-1c961a339055fd709e8b6f370ff7930f .entry-meta * {\n  font-size: 16px;\n  line-height: 20px;\n}\n.blog-shortcode.blog-list-shortcode-id-1c961a339055fd709e8b6f370ff7930f .portfolio-categories {\n  margin-bottom: 15px;\n}\n.blog-shortcode.blog-list-shortcode-id-1c961a339055fd709e8b6f370ff7930f .entry-excerpt {\n  margin-bottom: 5px;\n  font-size: 24px;\n  line-height: 30px;\n}\n.blog-shortcode.blog-list-shortcode-id-1c961a339055fd709e8b6f370ff7930f:not(.centered-layout-list) .post-entry-content {\n  padding: 25px 30px 30px 30px;\n}\n.blog-shortcode.blog-list-shortcode-id-1c961a339055fd709e8b6f370ff7930f:not(.centered-layout-list):not(.content-bg-on):not(.mode-list) .no-img .post-entry-content {\n  padding: 0;\n}\n.blog-shortcode.blog-list-shortcode-id-1c961a339055fd709e8b6f370ff7930f .post-details.details-type-link,\n.blog-shortcode.blog-list-shortcode-id-1c961a339055fd709e8b6f370ff7930f .post-details.details-type-link * {\n  color: #006500;\n}\n@media screen and (max-width: 768px) {\n  .blog-shortcode.blog-list-shortcode-id-1c961a339055fd709e8b6f370ff7930f article {\n    -ms-flex-flow: column nowrap;\n    flex-flow: column nowrap;\n    margin-top: 20px;\n  }\n  .blog-shortcode.blog-list-shortcode-id-1c961a339055fd709e8b6f370ff7930f.dividers-on article {\n    border: none;\n  }\n  .blog-shortcode.blog-list-shortcode-id-1c961a339055fd709e8b6f370ff7930f.content-bg-on.centered-layout-list article {\n    padding: 0;\n  }\n  .blog-shortcode.blog-list-shortcode-id-1c961a339055fd709e8b6f370ff7930f.blog-shortcode.dividers-on article,\n  .blog-shortcode.blog-list-shortcode-id-1c961a339055fd709e8b6f370ff7930f.dividers-on.classic-layout-list article {\n    margin-top: 20px;\n    padding: 0;\n  }\n  .blog-shortcode.blog-list-shortcode-id-1c961a339055fd709e8b6f370ff7930f.blog-shortcode.dividers-on article:first-of-type,\n  .blog-shortcode.blog-list-shortcode-id-1c961a339055fd709e8b6f370ff7930f.dividers-on.classic-layout-list article:first-of-type {\n    padding: 0;\n  }\n  #page .blog-shortcode.blog-list-shortcode-id-1c961a339055fd709e8b6f370ff7930f .post-thumbnail-wrap,\n  #page .blog-shortcode.blog-list-shortcode-id-1c961a339055fd709e8b6f370ff7930f .post-entry-content {\n    width: 100%;\n    margin: 0;\n    top: 0;\n  }\n  #page .blog-shortcode.blog-list-shortcode-id-1c961a339055fd709e8b6f370ff7930f .post-thumbnail-wrap {\n    padding: 0;\n  }\n  #page .blog-shortcode.blog-list-shortcode-id-1c961a339055fd709e8b6f370ff7930f .post-entry-content:after {\n    display: none;\n  }\n  #page .blog-shortcode.blog-list-shortcode-id-1c961a339055fd709e8b6f370ff7930f .project-even .post-thumbnail-wrap,\n  #page .blog-shortcode.blog-list-shortcode-id-1c961a339055fd709e8b6f370ff7930f.centered-layout-list .post-thumbnail-wrap {\n    -ms-flex-order: 0;\n    order: 0;\n  }\n  #page .blog-shortcode.blog-list-shortcode-id-1c961a339055fd709e8b6f370ff7930f.centered-layout-list .post-entry-title-content {\n    -ms-flex-order: 1;\n    order: 1;\n    width: 100%;\n    padding: 20px 20px 0;\n  }\n  #page .blog-shortcode.blog-list-shortcode-id-1c961a339055fd709e8b6f370ff7930f.centered-layout-list .post-entry-content {\n    -ms-flex-order: 2;\n    order: 2;\n    padding-top: 0;\n  }\n  #page .blog-shortcode.blog-list-shortcode-id-1c961a339055fd709e8b6f370ff7930f .fancy-categories {\n    top: 10px;\n    left: 10px;\n    bottom: auto;\n    right: auto;\n  }\n  #page .blog-shortcode.blog-list-shortcode-id-1c961a339055fd709e8b6f370ff7930f .fancy-date a {\n    top: 10px;\n    right: 10px;\n    left: auto;\n    bottom: auto;\n  }\n  #page .blog-shortcode.blog-list-shortcode-id-1c961a339055fd709e8b6f370ff7930f .post-entry-content {\n    padding: 20px;\n  }\n  #page .blog-shortcode.blog-list-shortcode-id-1c961a339055fd709e8b6f370ff7930f .entry-title {\n    margin: 3px 0 5px;\n    font-size: 20px;\n    line-height: 26px;\n  }\n  #page .blog-shortcode.blog-list-shortcode-id-1c961a339055fd709e8b6f370ff7930f .entry-meta {\n    margin: 5px 0 5px;\n  }\n  #page .blog-shortcode.blog-list-shortcode-id-1c961a339055fd709e8b6f370ff7930f .entry-excerpt {\n    margin: 15px 0 0;\n  }\n  #page .blog-shortcode.blog-list-shortcode-id-1c961a339055fd709e8b6f370ff7930f .post-details {\n    margin: 5px 0 10px;\n  }\n  #page .blog-shortcode.blog-list-shortcode-id-1c961a339055fd709e8b6f370ff7930f .post-details.details-type-link {\n    margin-bottom: 2px;\n  }\n}<\/style><div class=\"articles-list blog-shortcode mode-list blog-list-shortcode-id-1c961a339055fd709e8b6f370ff7930f classic-layout-list jquery-filter scale-img dt-icon-bg-off loading-effect-fade-in\" data-cur-page=\"1\" data-post-limit=\"-1\" data-pagination-mode=\"none\"><article class=\"post project-odd visible post-1220 type-post status-publish format-standard has-post-thumbnail hentry category-sem-categoria category-30 description-off\" data-name=\"Menu para uma pele saud\u00e1vel\" data-date=\"2026-04-01T09:13:52+00:00\">\n\n<div class=\"post-thumbnail-wrap\">\n\t<div class=\"post-thumbnail\">\n\n\t\t\n\t\t\n\t\t<a href=\"https:\/\/naturalhoney.es\/pt-pt\/menu-para-uma-pele-saudavel\/\" class=\"post-thumbnail-rollover layzr-bg layzr-bg\" ><img fetchpriority=\"high\" decoding=\"async\" class=\"blog-thumb-lazy-load preload-me lazy-load aspect\" src=\"data:image\/svg+xml,%3Csvg%20xmlns%3D&#39;http%3A%2F%2Fwww.w3.org%2F2000%2Fsvg&#39;%20viewBox%3D&#39;0%200%20768%20768&#39;%2F%3E\" data-src=\"https:\/\/naturalhoney.es\/wp-content\/uploads\/2025\/11\/Natural-Honey_281-scaled-768x768.jpg\" data-srcset=\"https:\/\/naturalhoney.es\/wp-content\/uploads\/2025\/11\/Natural-Honey_281-scaled-768x768.jpg 768w, https:\/\/naturalhoney.es\/wp-content\/uploads\/2025\/11\/Natural-Honey_281-scaled-1306x1306.jpg 1306w\" loading=\"eager\" style=\"--ratio: 768 \/ 768\" sizes=\"(max-width: 768px) 100vw, 768px\" alt=\"\" title=\"Natural Honey_281\" width=\"768\" height=\"768\"  \/><\/a>\n\t<\/div>\n<\/div>\n\n\n<div class=\"post-entry-content\">\n\n\t<h3 class=\"entry-title\">\n\t\t<a href=\"https:\/\/naturalhoney.es\/pt-pt\/menu-para-uma-pele-saudavel\/\" title=\"Menu para uma pele saud\u00e1vel\" rel=\"bookmark\">Menu para uma pele saud\u00e1vel<\/a>\n\t<\/h3>\n\n\t\n\t<div class=\"entry-excerpt\"><p>[vc_row equal_height=&#8221;yes&#8221;][vc_column width=&#8221;1\/2&#8243;][vc_column_text css=&#8221;&#8221;]Tal como acontece com o resto do nosso organismo, para conseguir uma pele bonita e com um aspeto saud\u00e1vel, n\u00e3o basta cuid\u00e1-la \u201cpor fora\u201d. Uma alimenta\u00e7\u00e3o desequilibrada, com car\u00eancias de determinados nutrientes ou com hidrata\u00e7\u00e3o insuficiente, ter\u00e1 efeitos na nossa pele que nem todos os cremes do mundo conseguir\u00e3o melhorar. A boa&hellip;<\/p>\n<\/div>\n\t\n<a href=\"https:\/\/naturalhoney.es\/pt-pt\/menu-para-uma-pele-saudavel\/\" class=\"post-details details-type-link\" aria-label=\"Read more about Menu para uma pele saud\u00e1vel\">Ver m\u00e1s<i class=\"dt-icon-the7-arrow-03\" aria-hidden=\"true\"><\/i><\/a>\n\n<\/div><\/article><article class=\"post project-odd visible post-1210 type-post status-publish format-standard has-post-thumbnail hentry category-sem-categoria category-30 description-off\" data-name=\"Protege a tua pele da polui\u00e7\u00e3o e das mudan\u00e7as de temperatura\" data-date=\"2026-04-01T09:13:34+00:00\">\n\n<div class=\"post-thumbnail-wrap\">\n\t<div class=\"post-thumbnail\">\n\n\t\t\n\t\t\n\t\t<a href=\"https:\/\/naturalhoney.es\/pt-pt\/protege-a-tua-pele-da-poluicao-e-das-mudancas-de-temperatura\/\" class=\"post-thumbnail-rollover layzr-bg layzr-bg\" ><img decoding=\"async\" class=\"blog-thumb-lazy-load preload-me lazy-load aspect\" src=\"data:image\/svg+xml,%3Csvg%20xmlns%3D&#39;http%3A%2F%2Fwww.w3.org%2F2000%2Fsvg&#39;%20viewBox%3D&#39;0%200%20768%20768&#39;%2F%3E\" data-src=\"https:\/\/naturalhoney.es\/wp-content\/uploads\/2025\/11\/Natural-Honey_156-scaled-768x768.jpg\" data-srcset=\"https:\/\/naturalhoney.es\/wp-content\/uploads\/2025\/11\/Natural-Honey_156-scaled-768x768.jpg 768w, https:\/\/naturalhoney.es\/wp-content\/uploads\/2025\/11\/Natural-Honey_156-scaled-1306x1306.jpg 1306w\" loading=\"eager\" style=\"--ratio: 768 \/ 768\" sizes=\"(max-width: 768px) 100vw, 768px\" alt=\"\" title=\"Natural Honey_156\" width=\"768\" height=\"768\"  \/><\/a>\n\t<\/div>\n<\/div>\n\n\n<div class=\"post-entry-content\">\n\n\t<h3 class=\"entry-title\">\n\t\t<a href=\"https:\/\/naturalhoney.es\/pt-pt\/protege-a-tua-pele-da-poluicao-e-das-mudancas-de-temperatura\/\" title=\"Protege a tua pele da polui\u00e7\u00e3o e das mudan\u00e7as de temperatura\" rel=\"bookmark\">Protege a tua pele da polui\u00e7\u00e3o e das mudan\u00e7as de temperatura<\/a>\n\t<\/h3>\n\n\t\n\t<div class=\"entry-excerpt\"><p>[vc_row equal_height=&#8221;yes&#8221;][vc_column width=&#8221;1\/2&#8243;][vc_column_text]As mudan\u00e7as de temperatura, a presen\u00e7a de mais ou menos humidade no ar, o vento, a exposi\u00e7\u00e3o ao sol ou a polui\u00e7\u00e3o atmosf\u00e9rica. Embora n\u00e3o nos demos conta, a nossa pele suporta mudan\u00e7as e agress\u00f5es todos os dias. A prote\u00e7\u00e3o face \u00e0s diferentes condi\u00e7\u00f5es clim\u00e1ticas, a exposi\u00e7\u00e3o a agentes nocivos e o nosso&hellip;<\/p>\n<\/div>\n\t\n<a href=\"https:\/\/naturalhoney.es\/pt-pt\/protege-a-tua-pele-da-poluicao-e-das-mudancas-de-temperatura\/\" class=\"post-details details-type-link\" aria-label=\"Read more about Protege a tua pele da polui\u00e7\u00e3o e das mudan\u00e7as de temperatura\">Ver m\u00e1s<i class=\"dt-icon-the7-arrow-03\" aria-hidden=\"true\"><\/i><\/a>\n\n<\/div><\/article><\/div>[\/vc_column][\/vc_row]<\/p>\n<\/div>","protected":false},"excerpt":{"rendered":"<p>[vc_row bg_type=&#8221;image&#8221; parallax_style=&#8221;vcpb-default&#8221; bg_image_new=&#8221;id^17|url^https:\/\/naturalhoney.es\/wp-content\/uploads\/2025\/10\/Natural-Honey_118-scaled.jpg|caption^null|alt^null|title^Natural-Honey_118|description^null&#8221; bg_image_repeat=&#8221;no-repeat&#8221; bg_override=&#8221;full&#8221; css=&#8221;.vc_custom_1770246818236{margin-top: -70px !important;padding-top: 10% !important;padding-bottom: 10% !important;}&#8221;][vc_column width=&#8221;1\/2&#8243;][vc_row_inner css=&#8221;.vc_custom_1770246799940{padding-top: 3% !important;}&#8221;][vc_column_inner][\/vc_column_inner][\/vc_row_inner][\/vc_column][vc_column width=&#8221;1\/2&#8243;][\/vc_column][\/vc_row][vc_row][vc_column][vc_column_text css=&#8221;&#8221;] Descobre recomenda\u00e7\u00f5es epropostas para o cuidado da tua pelede forma natural [\/vc_column_text][\/vc_column][\/vc_row][vc_row full_width=&#8221;stretch_row&#8221;][vc_column][vc_empty_space][\/vc_column][\/vc_row]<\/p>\n","protected":false},"author":1,"featured_media":0,"parent":0,"menu_order":0,"comment_status":"closed","ping_status":"open","template":"","meta":{"footnotes":""},"class_list":["post-1227","page","type-page","status-publish","hentry","description-off"],"yoast_head":"<!-- This site is optimized with the Yoast SEO plugin v27.3 - https:\/\/yoast.com\/product\/yoast-seo-wordpress\/ -->\n<title>Conselhos - Natural Honey<\/title>\n<meta name=\"robots\" content=\"index, follow, max-snippet:-1, max-image-preview:large, max-video-preview:-1\" \/>\n<link rel=\"canonical\" href=\"https:\/\/naturalhoney.es\/conselhos\/?lang=pt-pt\" \/>\n<meta property=\"og:locale\" content=\"pt_PT\" \/>\n<meta property=\"og:type\" content=\"article\" \/>\n<meta property=\"og:title\" content=\"Conselhos - Natural Honey\" \/>\n<meta property=\"og:description\" content=\"[vc_row bg_type=&#8221;image&#8221; parallax_style=&#8221;vcpb-default&#8221; bg_image_new=&#8221;id^17|url^https:\/\/naturalhoney.es\/wp-content\/uploads\/2025\/10\/Natural-Honey_118-scaled.jpg|caption^null|alt^null|title^Natural-Honey_118|description^null&#8221; bg_image_repeat=&#8221;no-repeat&#8221; bg_override=&#8221;full&#8221; css=&#8221;.vc_custom_1770246818236{margin-top: -70px !important;padding-top: 10% !important;padding-bottom: 10% !important;}&#8221;][vc_column width=&#8221;1\/2&#8243;][vc_row_inner css=&#8221;.vc_custom_1770246799940{padding-top: 3% !important;}&#8221;][vc_column_inner][\/vc_column_inner][\/vc_row_inner][\/vc_column][vc_column width=&#8221;1\/2&#8243;][\/vc_column][\/vc_row][vc_row][vc_column][vc_column_text css=&#8221;&#8221;] Descobre recomenda\u00e7\u00f5es epropostas para o cuidado da tua pelede forma natural [\/vc_column_text][\/vc_column][\/vc_row][vc_row full_width=&#8221;stretch_row&#8221;][vc_column][vc_empty_space][\/vc_column][\/vc_row]\" \/>\n<meta property=\"og:url\" content=\"https:\/\/naturalhoney.es\/conselhos\/?lang=pt-pt\" \/>\n<meta property=\"og:site_name\" content=\"Natural Honey\" \/>\n<meta name=\"twitter:card\" content=\"summary_large_image\" \/>\n<meta name=\"twitter:label1\" content=\"Tempo estimado de leitura\" \/>\n\t<meta name=\"twitter:data1\" content=\"2 minutos\" \/>\n<script type=\"application\/ld+json\" class=\"yoast-schema-graph\">{\"@context\":\"https:\\\/\\\/schema.org\",\"@graph\":[{\"@type\":\"WebPage\",\"@id\":\"https:\\\/\\\/naturalhoney.es\\\/conselhos\\\/?lang=pt-pt\",\"url\":\"https:\\\/\\\/naturalhoney.es\\\/conselhos\\\/?lang=pt-pt\",\"name\":\"Conselhos - Natural Honey\",\"isPartOf\":{\"@id\":\"https:\\\/\\\/naturalhoney.es\\\/#website\"},\"datePublished\":\"2026-04-01T09:14:38+00:00\",\"breadcrumb\":{\"@id\":\"https:\\\/\\\/naturalhoney.es\\\/conselhos\\\/?lang=pt-pt#breadcrumb\"},\"inLanguage\":\"pt-PT\",\"potentialAction\":[{\"@type\":\"ReadAction\",\"target\":[\"https:\\\/\\\/naturalhoney.es\\\/conselhos\\\/?lang=pt-pt\"]}]},{\"@type\":\"BreadcrumbList\",\"@id\":\"https:\\\/\\\/naturalhoney.es\\\/conselhos\\\/?lang=pt-pt#breadcrumb\",\"itemListElement\":[{\"@type\":\"ListItem\",\"position\":1,\"name\":\"Portada\",\"item\":\"https:\\\/\\\/naturalhoney.es\\\/pt-pt\\\/\"},{\"@type\":\"ListItem\",\"position\":2,\"name\":\"Conselhos\"}]},{\"@type\":\"WebSite\",\"@id\":\"https:\\\/\\\/naturalhoney.es\\\/#website\",\"url\":\"https:\\\/\\\/naturalhoney.es\\\/\",\"name\":\"Natural Honey\",\"description\":\"Just another WordPress site\",\"potentialAction\":[{\"@type\":\"SearchAction\",\"target\":{\"@type\":\"EntryPoint\",\"urlTemplate\":\"https:\\\/\\\/naturalhoney.es\\\/?s={search_term_string}\"},\"query-input\":{\"@type\":\"PropertyValueSpecification\",\"valueRequired\":true,\"valueName\":\"search_term_string\"}}],\"inLanguage\":\"pt-PT\"}]}<\/script>\n<!-- \/ Yoast SEO plugin. -->","yoast_head_json":{"title":"Conselhos - Natural Honey","robots":{"index":"index","follow":"follow","max-snippet":"max-snippet:-1","max-image-preview":"max-image-preview:large","max-video-preview":"max-video-preview:-1"},"canonical":"https:\/\/naturalhoney.es\/conselhos\/?lang=pt-pt","og_locale":"pt_PT","og_type":"article","og_title":"Conselhos - Natural Honey","og_description":"[vc_row bg_type=&#8221;image&#8221; parallax_style=&#8221;vcpb-default&#8221; bg_image_new=&#8221;id^17|url^https:\/\/naturalhoney.es\/wp-content\/uploads\/2025\/10\/Natural-Honey_118-scaled.jpg|caption^null|alt^null|title^Natural-Honey_118|description^null&#8221; bg_image_repeat=&#8221;no-repeat&#8221; bg_override=&#8221;full&#8221; css=&#8221;.vc_custom_1770246818236{margin-top: -70px !important;padding-top: 10% !important;padding-bottom: 10% !important;}&#8221;][vc_column width=&#8221;1\/2&#8243;][vc_row_inner css=&#8221;.vc_custom_1770246799940{padding-top: 3% !important;}&#8221;][vc_column_inner][\/vc_column_inner][\/vc_row_inner][\/vc_column][vc_column width=&#8221;1\/2&#8243;][\/vc_column][\/vc_row][vc_row][vc_column][vc_column_text css=&#8221;&#8221;] Descobre recomenda\u00e7\u00f5es epropostas para o cuidado da tua pelede forma natural [\/vc_column_text][\/vc_column][\/vc_row][vc_row full_width=&#8221;stretch_row&#8221;][vc_column][vc_empty_space][\/vc_column][\/vc_row]","og_url":"https:\/\/naturalhoney.es\/conselhos\/?lang=pt-pt","og_site_name":"Natural Honey","twitter_card":"summary_large_image","twitter_misc":{"Tempo estimado de leitura":"2 minutos"},"schema":{"@context":"https:\/\/schema.org","@graph":[{"@type":"WebPage","@id":"https:\/\/naturalhoney.es\/conselhos\/?lang=pt-pt","url":"https:\/\/naturalhoney.es\/conselhos\/?lang=pt-pt","name":"Conselhos - Natural Honey","isPartOf":{"@id":"https:\/\/naturalhoney.es\/#website"},"datePublished":"2026-04-01T09:14:38+00:00","breadcrumb":{"@id":"https:\/\/naturalhoney.es\/conselhos\/?lang=pt-pt#breadcrumb"},"inLanguage":"pt-PT","potentialAction":[{"@type":"ReadAction","target":["https:\/\/naturalhoney.es\/conselhos\/?lang=pt-pt"]}]},{"@type":"BreadcrumbList","@id":"https:\/\/naturalhoney.es\/conselhos\/?lang=pt-pt#breadcrumb","itemListElement":[{"@type":"ListItem","position":1,"name":"Portada","item":"https:\/\/naturalhoney.es\/pt-pt\/"},{"@type":"ListItem","position":2,"name":"Conselhos"}]},{"@type":"WebSite","@id":"https:\/\/naturalhoney.es\/#website","url":"https:\/\/naturalhoney.es\/","name":"Natural Honey","description":"Just another WordPress site","potentialAction":[{"@type":"SearchAction","target":{"@type":"EntryPoint","urlTemplate":"https:\/\/naturalhoney.es\/?s={search_term_string}"},"query-input":{"@type":"PropertyValueSpecification","valueRequired":true,"valueName":"search_term_string"}}],"inLanguage":"pt-PT"}]}},"_links":{"self":[{"href":"https:\/\/naturalhoney.es\/pt-pt\/wp-json\/wp\/v2\/pages\/1227","targetHints":{"allow":["GET"]}}],"collection":[{"href":"https:\/\/naturalhoney.es\/pt-pt\/wp-json\/wp\/v2\/pages"}],"about":[{"href":"https:\/\/naturalhoney.es\/pt-pt\/wp-json\/wp\/v2\/types\/page"}],"author":[{"embeddable":true,"href":"https:\/\/naturalhoney.es\/pt-pt\/wp-json\/wp\/v2\/users\/1"}],"replies":[{"embeddable":true,"href":"https:\/\/naturalhoney.es\/pt-pt\/wp-json\/wp\/v2\/comments?post=1227"}],"version-history":[{"count":2,"href":"https:\/\/naturalhoney.es\/pt-pt\/wp-json\/wp\/v2\/pages\/1227\/revisions"}],"predecessor-version":[{"id":1229,"href":"https:\/\/naturalhoney.es\/pt-pt\/wp-json\/wp\/v2\/pages\/1227\/revisions\/1229"}],"wp:attachment":[{"href":"https:\/\/naturalhoney.es\/pt-pt\/wp-json\/wp\/v2\/media?parent=1227"}],"curies":[{"name":"wp","href":"https:\/\/api.w.org\/{rel}","templated":true}]}}