{"id":1222,"date":"2026-04-01T09:14:21","date_gmt":"2026-04-01T09:14:21","guid":{"rendered":"https:\/\/naturalhoney.es\/sobre-nos\/"},"modified":"2026-04-01T09:14:22","modified_gmt":"2026-04-01T09:14:22","slug":"sobre-nos","status":"publish","type":"page","link":"https:\/\/naturalhoney.es\/pt-pt\/sobre-nos\/","title":{"rendered":"Sobre n\u00f3s"},"content":{"rendered":"<div class=\"wpb-content-wrapper\"><p>[vc_row bg_type=&#8221;image&#8221; parallax_style=&#8221;vcpb-default&#8221; bg_image_new=&#8221;id^28|url^https:\/\/naturalhoney.es\/wp-content\/uploads\/2025\/10\/shutterstock_2138595399-scaled.jpg|caption^null|alt^null|title^Young,Womans,Face,In,Tropical,Leaves.,Closeup,Portrait,Of,Ensual|description^null&#8221; bg_image_repeat=&#8221;no-repeat&#8221; bg_override=&#8221;full&#8221; css=&#8221;.vc_custom_1770247159787{margin-top: -70px !important;padding-top: 7% !important;padding-bottom: 7% !important;}&#8221; el_id=&#8221;telem\u00f3vel&#8221;][vc_column][vc_row_inner css=&#8221;.vc_custom_1770247120381{padding-top: 3% !important;}&#8221;][vc_column_inner width=&#8221;1\/2&#8243;][vc_empty_space height=&#8221;110px&#8221;]<div id=\"ultimate-heading-549069d7a87872cf7\" class=\"uvc-heading ult-adjust-bottom-margin ultimate-heading-549069d7a87872cf7 uvc-7014 \" data-hspacer=\"no_spacer\"  data-halign=\"left\" style=\"text-align:left\"><div class=\"uvc-heading-spacer no_spacer\" style=\"top\"><\/div><div class=\"uvc-main-heading ult-responsive\"  data-ultimate-target='.uvc-heading.ultimate-heading-549069d7a87872cf7 h1'  data-responsive-json-new='{\"font-size\":\"desktop:110px;tablet_portrait:75px;mobile_landscape:50px;\",\"line-height\":\"desktop:115px;tablet_portrait:80px;mobile_landscape:55px;\"}' ><h1 style=\"--font-weight:theme;color:#FFFFFF;margin-top:-30;\">Sobre n\u00f3s<\/h1><\/div><\/div>[vc_empty_space height=&#8221;110px&#8221;][\/vc_column_inner][vc_column_inner width=&#8221;1\/2&#8243;][\/vc_column_inner][\/vc_row_inner][\/vc_column][\/vc_row][vc_row full_width=&#8221;stretch_row_content_no_spaces&#8221; css=&#8221;.vc_custom_1740156242833{margin-top: -36px !important;margin-bottom: -70px !important;}&#8221;][vc_column][vc_row_inner equal_height=&#8221;yes&#8221; content_placement=&#8221;middle&#8221; css=&#8221;.vc_custom_1674817879875{margin-top: 0px !important;margin-right: 0px !important;margin-bottom: 0px !important;margin-left: 0px !important;padding-top: 0px !important;padding-right: 0px !important;padding-bottom: 0px !important;padding-left: 0px !important;background-color: eaeaea !important;}&#8221;][vc_column_inner offset=&#8221;vc_col-lg-6 vc_col-md-6 vc_hidden-xs&#8221; css=&#8221;.vc_custom_1770247104172{padding-top: 150px !important;padding-right: 0px !important;padding-bottom: 150px !important;padding-left: 0px !important;background-image: url(https:\/\/naturalhoney.es\/wp-content\/uploads\/2025\/10\/Natural-Honey_090.jpg?id=25) !important;background-position: center !important;background-repeat: no-repeat !important;background-size: cover !important;}&#8221;][\/vc_column_inner][vc_column_inner css=&#8221;.vc_custom_1563439493038{margin-top: 0px !important;margin-right: 0px !important;margin-bottom: 0px !important;margin-left: 0px !important;border-top-width: 0px !important;border-right-width: 0px !important;border-bottom-width: 0px !important;border-left-width: 0px !important;padding-top: 50px !important;padding-right: 50px !important;padding-bottom: 50px !important;padding-left: 50px !important;}&#8221; offset=&#8221;vc_col-lg-6 vc_col-md-6&#8243;][vc_empty_space height=&#8221;64px&#8221;][vc_column_text css=&#8221;.vc_custom_1764800485330{padding-right: 10% !important;padding-left: 10% !important;}&#8221;]<\/p>\n<h2 style=\"text-align: left;\"><span style=\"color: #006500; font-family: gotham-light;\">A nossa hist\u00f3ria<\/span><\/h2>\n<p>&nbsp;<\/p>\n<p><span style=\"font-size: 14pt;\">A hist\u00f3ria da Natural Honey come\u00e7ou em 1933, quando Jos\u00e9 Colomer, cabeleireiro de profiss\u00e3o, fundou a empresa Henry Colomer para criar e distribuir os seus pr\u00f3prios produtos. Desde ent\u00e3o, percorremos uma longa trajet\u00f3ria, sempre fi\u00e9is a uma ideia: cuidar da pele com solu\u00e7\u00f5es eficazes, acess\u00edveis e sensoriais. <\/span>[\/vc_column_text][vc_empty_space height=&#8221;64px&#8221;][\/vc_column_inner][\/vc_row_inner][vc_row_inner equal_height=&#8221;yes&#8221; content_placement=&#8221;middle&#8221; css=&#8221;.vc_custom_1709885093226{margin-top: 0px !important;margin-right: 0px !important;margin-bottom: 0px !important;margin-left: 0px !important;padding-top: 0px !important;padding-right: 0px !important;padding-bottom: 0px !important;padding-left: 0px !important;background-color: #eaeaea !important;}&#8221;][vc_column_inner el_class=&#8221;vc_col-sm-push-0 vc_col-md-push-6&#8243; css=&#8221;.vc_custom_1762125338015{padding-top: 150px !important;padding-right: 0px !important;padding-bottom: 150px !important;padding-left: 0px !important;background-image: url(https:\/\/naturalhoney.es\/wp-content\/uploads\/2025\/10\/shutterstock_2487320351-scaled.jpg?id=29) !important;background-position: center !important;background-repeat: no-repeat !important;background-size: cover !important;}&#8221; offset=&#8221;vc_col-lg-6 vc_col-md-6&#8243;][\/vc_column_inner][vc_column_inner el_class=&#8221;vc_col-sm-pull-0 vc_col-md-pull-6&#8243; css=&#8221;.vc_custom_1563440916126{margin-top: 0px !important;margin-right: 0px !important;margin-bottom: 0px !important;margin-left: 0px !important;border-top-width: 0px !important;border-right-width: 0px !important;border-bottom-width: 0px !important;border-left-width: 0px !important;padding-top: 50px !important;padding-right: 50px !important;padding-bottom: 50px !important;padding-left: 50px !important;}&#8221; offset=&#8221;vc_col-lg-6 vc_col-md-6&#8243;][vc_empty_space height=&#8221;64px&#8221;][vc_column_text css=&#8221;.vc_custom_1764800672732{padding-right: 10% !important;padding-left: 10% !important;}&#8221;]<\/p>\n<h2 style=\"text-align: left;\"><span style=\"color: #006500; font-family: gotham-light;\">A nossa origem<\/span><\/h2>\n<p>&nbsp;<\/p>\n<p><span style=\"font-size: 14pt;\">A origem da marca est\u00e1 profundamente ligada \u00e0 tradi\u00e7\u00e3o cosm\u00e9tica e ao saber-fazer de quem entende o cuidado como algo essencial. Nascemos para oferecer uma beleza mais natural, real e ligada ao bem-estar di\u00e1rio. E continuamos a acreditar nisso.  <\/span>[\/vc_column_text][vc_empty_space height=&#8221;64px&#8221;][\/vc_column_inner][\/vc_row_inner][vc_row_inner equal_height=&#8221;yes&#8221; content_placement=&#8221;middle&#8221; css=&#8221;.vc_custom_1674817879875{margin-top: 0px !important;margin-right: 0px !important;margin-bottom: 0px !important;margin-left: 0px !important;padding-top: 0px !important;padding-right: 0px !important;padding-bottom: 0px !important;padding-left: 0px !important;background-color: eaeaea !important;}&#8221;][vc_column_inner offset=&#8221;vc_col-lg-6 vc_col-md-6&#8243; css=&#8221;.vc_custom_1762125439842{padding-top: 150px !important;padding-right: 0px !important;padding-bottom: 150px !important;padding-left: 0px !important;background-image: url(https:\/\/naturalhoney.es\/wp-content\/uploads\/2025\/10\/Natural-Honey_199.jpg?id=26) !important;background-position: center !important;background-repeat: no-repeat !important;background-size: cover !important;}&#8221;][\/vc_column_inner][vc_column_inner css=&#8221;.vc_custom_1563439493038{margin-top: 0px !important;margin-right: 0px !important;margin-bottom: 0px !important;margin-left: 0px !important;border-top-width: 0px !important;border-right-width: 0px !important;border-bottom-width: 0px !important;border-left-width: 0px !important;padding-top: 50px !important;padding-right: 50px !important;padding-bottom: 50px !important;padding-left: 50px !important;}&#8221; offset=&#8221;vc_col-lg-6 vc_col-md-6&#8243;][vc_empty_space height=&#8221;64px&#8221;][vc_column_text css=&#8221;.vc_custom_1764800592929{padding-right: 10% !important;padding-left: 10% !important;}&#8221;]<\/p>\n<h2 style=\"text-align: left;\"><span style=\"color: #006500; font-family: gotham-light;\">Ingredientes<br \/>\nde origem natural<\/span><\/h2>\n<p>&nbsp;<\/p>\n<p><span style=\"font-size: 14pt;\">Desde o in\u00edcio, apost\u00e1mos no poder da natureza. Por isso, hoje as nossas f\u00f3rmulas incluem uma elevada percentagem de ingredientes de origem natural, selecionados com rigor e combinados com inova\u00e7\u00e3o para alcan\u00e7ar uma hidrata\u00e7\u00e3o profunda e um respeito absoluto pela pele. <\/span><\/p>\n<p><span style=\"font-size: 14pt;\">Acreditamos num cuidado consciente, honesto e que se desfruta.<\/span>[\/vc_column_text][vc_empty_space height=&#8221;64px&#8221;][\/vc_column_inner][\/vc_row_inner][vc_row_inner equal_height=&#8221;yes&#8221; content_placement=&#8221;middle&#8221; css=&#8221;.vc_custom_1709885093226{margin-top: 0px !important;margin-right: 0px !important;margin-bottom: 0px !important;margin-left: 0px !important;padding-top: 0px !important;padding-right: 0px !important;padding-bottom: 0px !important;padding-left: 0px !important;background-color: #eaeaea !important;}&#8221;][vc_column_inner el_class=&#8221;vc_col-sm-push-0 vc_col-md-push-6&#8243; css=&#8221;.vc_custom_1762125603116{padding-top: 150px !important;padding-right: 0px !important;padding-bottom: 150px !important;padding-left: 0px !important;background-image: url(https:\/\/naturalhoney.es\/wp-content\/uploads\/2025\/10\/Natural-Honey_274.jpg?id=27) !important;background-position: center !important;background-repeat: no-repeat !important;background-size: cover !important;}&#8221; offset=&#8221;vc_col-lg-6 vc_col-md-6&#8243;][\/vc_column_inner][vc_column_inner el_class=&#8221;vc_col-sm-pull-0 vc_col-md-pull-6&#8243; css=&#8221;.vc_custom_1563440916126{margin-top: 0px !important;margin-right: 0px !important;margin-bottom: 0px !important;margin-left: 0px !important;border-top-width: 0px !important;border-right-width: 0px !important;border-bottom-width: 0px !important;border-left-width: 0px !important;padding-top: 50px !important;padding-right: 50px !important;padding-bottom: 50px !important;padding-left: 50px !important;}&#8221; offset=&#8221;vc_col-lg-6 vc_col-md-6&#8243;][vc_empty_space height=&#8221;64px&#8221;][vc_column_text css=&#8221;.vc_custom_1770656050824{padding-right: 10% !important;padding-left: 10% !important;}&#8221;]<\/p>\n<h2 style=\"text-align: left;\"><span style=\"color: #006500; font-family: gotham-light;\">Quem<br \/>\nsomos hoje<\/span><\/h2>\n<p>&nbsp;<\/p>\n<p><span style=\"font-size: 14pt;\">Hoje, como parte do grupo internacional <a href=\"https:\/\/www.sodalisiberia.com\/\" target=\"_blank\" rel=\"noopener\"><strong>Sodalis<\/strong><\/a>, continuamos a ser uma marca de refer\u00eancia no cuidado corporal. A nossa equipa de I&amp;D trabalha em novas f\u00f3rmulas que entendem o que a tua pele precisa: <\/span><br \/>\n<span style=\"font-size: 14pt;\">equil\u00edbrio entre efic\u00e1cia, sensorialidade e sustentabilidade.<\/span><\/p>\n<p><span style=\"font-size: 14pt;\">Queremos continuar a evoluir contigo, a ouvir-te e a oferecer-te produtos que se ajustam \u00e0 tua vida, sem complica\u00e7\u00f5es.<\/span>[\/vc_column_text][vc_empty_space height=&#8221;64px&#8221;][\/vc_column_inner][\/vc_row_inner][\/vc_column][\/vc_row]<\/p>\n<\/div>","protected":false},"excerpt":{"rendered":"<p>[vc_row bg_type=&#8221;image&#8221; parallax_style=&#8221;vcpb-default&#8221; bg_image_new=&#8221;id^28|url^https:\/\/naturalhoney.es\/wp-content\/uploads\/2025\/10\/shutterstock_2138595399-scaled.jpg|caption^null|alt^null|title^Young,Womans,Face,In,Tropical,Leaves.,Closeup,Portrait,Of,Ensual|description^null&#8221; bg_image_repeat=&#8221;no-repeat&#8221; bg_override=&#8221;full&#8221; css=&#8221;.vc_custom_1770247159787{margin-top: -70px !important;padding-top: 7% !important;padding-bottom: 7% !important;}&#8221; el_id=&#8221;telem\u00f3vel&#8221;][vc_column][vc_row_inner css=&#8221;.vc_custom_1770247120381{padding-top: 3% !important;}&#8221;][vc_column_inner width=&#8221;1\/2&#8243;][vc_empty_space height=&#8221;110px&#8221;][vc_empty_space height=&#8221;110px&#8221;][\/vc_column_inner][vc_column_inner width=&#8221;1\/2&#8243;][\/vc_column_inner][\/vc_row_inner][\/vc_column][\/vc_row][vc_row full_width=&#8221;stretch_row_content_no_spaces&#8221; css=&#8221;.vc_custom_1740156242833{margin-top: -36px !important;margin-bottom: -70px !important;}&#8221;][vc_column][vc_row_inner equal_height=&#8221;yes&#8221; content_placement=&#8221;middle&#8221; css=&#8221;.vc_custom_1674817879875{margin-top: 0px !important;margin-right: 0px !important;margin-bottom: 0px !important;margin-left: 0px !important;padding-top: 0px !important;padding-right: 0px !important;padding-bottom: 0px !important;padding-left: 0px !important;background-color: eaeaea !important;}&#8221;][vc_column_inner offset=&#8221;vc_col-lg-6 vc_col-md-6 vc_hidden-xs&#8221; css=&#8221;.vc_custom_1770247104172{padding-top: 150px !important;padding-right: 0px&hellip;<\/p>\n","protected":false},"author":1,"featured_media":0,"parent":0,"menu_order":0,"comment_status":"closed","ping_status":"open","template":"","meta":{"footnotes":""},"class_list":["post-1222","page","type-page","status-publish","hentry","description-off"],"yoast_head":"<!-- This site is optimized with the Yoast SEO plugin v27.3 - https:\/\/yoast.com\/product\/yoast-seo-wordpress\/ -->\n<title>Sobre n\u00f3s - Natural Honey<\/title>\n<meta name=\"description\" content=\"A hist\u00f3ria da Natural Honey come\u00e7ou em 1933, quando Jos\u00e9 Colomer, cabeleireiro de profiss\u00e3o, fundou a empresa Henry Colomer para criar e distribuir os seus pr\u00f3prios produtos.\" \/>\n<meta name=\"robots\" content=\"index, follow, max-snippet:-1, max-image-preview:large, max-video-preview:-1\" \/>\n<link rel=\"canonical\" href=\"https:\/\/naturalhoney.es\/sobre-nos\/?lang=pt-pt\" \/>\n<meta property=\"og:locale\" content=\"pt_PT\" \/>\n<meta property=\"og:type\" content=\"article\" \/>\n<meta property=\"og:title\" content=\"Sobre n\u00f3s - Natural Honey\" \/>\n<meta property=\"og:description\" content=\"A hist\u00f3ria da Natural Honey come\u00e7ou em 1933, quando Jos\u00e9 Colomer, cabeleireiro de profiss\u00e3o, fundou a empresa Henry Colomer para criar e distribuir os seus pr\u00f3prios produtos.\" \/>\n<meta property=\"og:url\" content=\"https:\/\/naturalhoney.es\/sobre-nos\/?lang=pt-pt\" \/>\n<meta property=\"og:site_name\" content=\"Natural Honey\" \/>\n<meta property=\"article:modified_time\" content=\"2026-04-01T09:14:22+00:00\" \/>\n<meta name=\"twitter:card\" content=\"summary_large_image\" \/>\n<meta name=\"twitter:label1\" content=\"Tempo estimado de leitura\" \/>\n\t<meta name=\"twitter:data1\" content=\"6 minutos\" \/>\n<script type=\"application\/ld+json\" class=\"yoast-schema-graph\">{\"@context\":\"https:\\\/\\\/schema.org\",\"@graph\":[{\"@type\":\"WebPage\",\"@id\":\"https:\\\/\\\/naturalhoney.es\\\/sobre-nos\\\/?lang=pt-pt\",\"url\":\"https:\\\/\\\/naturalhoney.es\\\/sobre-nos\\\/?lang=pt-pt\",\"name\":\"Sobre n\u00f3s - Natural Honey\",\"isPartOf\":{\"@id\":\"https:\\\/\\\/naturalhoney.es\\\/#website\"},\"datePublished\":\"2026-04-01T09:14:21+00:00\",\"dateModified\":\"2026-04-01T09:14:22+00:00\",\"description\":\"A hist\u00f3ria da Natural Honey come\u00e7ou em 1933, quando Jos\u00e9 Colomer, cabeleireiro de profiss\u00e3o, fundou a empresa Henry Colomer para criar e distribuir os seus pr\u00f3prios produtos.\",\"breadcrumb\":{\"@id\":\"https:\\\/\\\/naturalhoney.es\\\/sobre-nos\\\/?lang=pt-pt#breadcrumb\"},\"inLanguage\":\"pt-PT\",\"potentialAction\":[{\"@type\":\"ReadAction\",\"target\":[\"https:\\\/\\\/naturalhoney.es\\\/sobre-nos\\\/?lang=pt-pt\"]}]},{\"@type\":\"BreadcrumbList\",\"@id\":\"https:\\\/\\\/naturalhoney.es\\\/sobre-nos\\\/?lang=pt-pt#breadcrumb\",\"itemListElement\":[{\"@type\":\"ListItem\",\"position\":1,\"name\":\"Portada\",\"item\":\"https:\\\/\\\/naturalhoney.es\\\/pt-pt\\\/\"},{\"@type\":\"ListItem\",\"position\":2,\"name\":\"Sobre n\u00f3s\"}]},{\"@type\":\"WebSite\",\"@id\":\"https:\\\/\\\/naturalhoney.es\\\/#website\",\"url\":\"https:\\\/\\\/naturalhoney.es\\\/\",\"name\":\"Natural Honey\",\"description\":\"Just another WordPress site\",\"potentialAction\":[{\"@type\":\"SearchAction\",\"target\":{\"@type\":\"EntryPoint\",\"urlTemplate\":\"https:\\\/\\\/naturalhoney.es\\\/?s={search_term_string}\"},\"query-input\":{\"@type\":\"PropertyValueSpecification\",\"valueRequired\":true,\"valueName\":\"search_term_string\"}}],\"inLanguage\":\"pt-PT\"}]}<\/script>\n<!-- \/ Yoast SEO plugin. -->","yoast_head_json":{"title":"Sobre n\u00f3s - Natural Honey","description":"A hist\u00f3ria da Natural Honey come\u00e7ou em 1933, quando Jos\u00e9 Colomer, cabeleireiro de profiss\u00e3o, fundou a empresa Henry Colomer para criar e distribuir os seus pr\u00f3prios produtos.","robots":{"index":"index","follow":"follow","max-snippet":"max-snippet:-1","max-image-preview":"max-image-preview:large","max-video-preview":"max-video-preview:-1"},"canonical":"https:\/\/naturalhoney.es\/sobre-nos\/?lang=pt-pt","og_locale":"pt_PT","og_type":"article","og_title":"Sobre n\u00f3s - Natural Honey","og_description":"A hist\u00f3ria da Natural Honey come\u00e7ou em 1933, quando Jos\u00e9 Colomer, cabeleireiro de profiss\u00e3o, fundou a empresa Henry Colomer para criar e distribuir os seus pr\u00f3prios produtos.","og_url":"https:\/\/naturalhoney.es\/sobre-nos\/?lang=pt-pt","og_site_name":"Natural Honey","article_modified_time":"2026-04-01T09:14:22+00:00","twitter_card":"summary_large_image","twitter_misc":{"Tempo estimado de leitura":"6 minutos"},"schema":{"@context":"https:\/\/schema.org","@graph":[{"@type":"WebPage","@id":"https:\/\/naturalhoney.es\/sobre-nos\/?lang=pt-pt","url":"https:\/\/naturalhoney.es\/sobre-nos\/?lang=pt-pt","name":"Sobre n\u00f3s - Natural Honey","isPartOf":{"@id":"https:\/\/naturalhoney.es\/#website"},"datePublished":"2026-04-01T09:14:21+00:00","dateModified":"2026-04-01T09:14:22+00:00","description":"A hist\u00f3ria da Natural Honey come\u00e7ou em 1933, quando Jos\u00e9 Colomer, cabeleireiro de profiss\u00e3o, fundou a empresa Henry Colomer para criar e distribuir os seus pr\u00f3prios produtos.","breadcrumb":{"@id":"https:\/\/naturalhoney.es\/sobre-nos\/?lang=pt-pt#breadcrumb"},"inLanguage":"pt-PT","potentialAction":[{"@type":"ReadAction","target":["https:\/\/naturalhoney.es\/sobre-nos\/?lang=pt-pt"]}]},{"@type":"BreadcrumbList","@id":"https:\/\/naturalhoney.es\/sobre-nos\/?lang=pt-pt#breadcrumb","itemListElement":[{"@type":"ListItem","position":1,"name":"Portada","item":"https:\/\/naturalhoney.es\/pt-pt\/"},{"@type":"ListItem","position":2,"name":"Sobre n\u00f3s"}]},{"@type":"WebSite","@id":"https:\/\/naturalhoney.es\/#website","url":"https:\/\/naturalhoney.es\/","name":"Natural Honey","description":"Just another WordPress site","potentialAction":[{"@type":"SearchAction","target":{"@type":"EntryPoint","urlTemplate":"https:\/\/naturalhoney.es\/?s={search_term_string}"},"query-input":{"@type":"PropertyValueSpecification","valueRequired":true,"valueName":"search_term_string"}}],"inLanguage":"pt-PT"}]}},"_links":{"self":[{"href":"https:\/\/naturalhoney.es\/pt-pt\/wp-json\/wp\/v2\/pages\/1222","targetHints":{"allow":["GET"]}}],"collection":[{"href":"https:\/\/naturalhoney.es\/pt-pt\/wp-json\/wp\/v2\/pages"}],"about":[{"href":"https:\/\/naturalhoney.es\/pt-pt\/wp-json\/wp\/v2\/types\/page"}],"author":[{"embeddable":true,"href":"https:\/\/naturalhoney.es\/pt-pt\/wp-json\/wp\/v2\/users\/1"}],"replies":[{"embeddable":true,"href":"https:\/\/naturalhoney.es\/pt-pt\/wp-json\/wp\/v2\/comments?post=1222"}],"version-history":[{"count":2,"href":"https:\/\/naturalhoney.es\/pt-pt\/wp-json\/wp\/v2\/pages\/1222\/revisions"}],"predecessor-version":[{"id":1224,"href":"https:\/\/naturalhoney.es\/pt-pt\/wp-json\/wp\/v2\/pages\/1222\/revisions\/1224"}],"wp:attachment":[{"href":"https:\/\/naturalhoney.es\/pt-pt\/wp-json\/wp\/v2\/media?parent=1222"}],"curies":[{"name":"wp","href":"https:\/\/api.w.org\/{rel}","templated":true}]}}